{"id":1295,"date":"2016-01-24T19:59:21","date_gmt":"2016-01-24T19:59:21","guid":{"rendered":"http:\/\/alcalordelaspalabras.es\/inicio\/?lang=ca"},"modified":"2024-05-16T10:05:11","modified_gmt":"2024-05-16T10:05:11","slug":"inicio","status":"publish","type":"page","link":"https:\/\/alcalordelaspalabras.es\/ca\/","title":{"rendered":"Inicio"},"content":{"rendered":"<p>[vc_row full_width=&#8221;stretch_row_content&#8221;][vc_column width=&#8221;1\/4&#8243; css=&#8221;.vc_custom_1578497324911{background-color: #d3c345 !important;}&#8221;][vc_empty_space height=&#8221;5px&#8221;][vc_row_inner][vc_column_inner width=&#8221;1\/4&#8243;][vc_column_text]<img loading=\"lazy\" decoding=\"async\" class=\"alignnone wp-image-310\" src=\"\/images\/narracion-oral.png\" alt=\"narracion-oral\" width=\"80\" height=\"80\" srcset=\"https:\/\/alcalordelaspalabras.es\/images\/narracion-oral.png 128w, https:\/\/alcalordelaspalabras.es\/images\/narracion-oral-50x50.png 50w, https:\/\/alcalordelaspalabras.es\/images\/narracion-oral-80x80.png 80w, https:\/\/alcalordelaspalabras.es\/images\/narracion-oral-75x75.png 75w, https:\/\/alcalordelaspalabras.es\/images\/narracion-oral-85x85.png 85w\" sizes=\"(max-width: 80px) 100vw, 80px\" \/>[\/vc_column_text][\/vc_column_inner][vc_column_inner width=&#8221;3\/4&#8243;][vc_custom_heading text=&#8221;Contacontes&#8221; font_container=&#8221;tag:h3|font_size:30|text_align:left|color:%23ffffff&#8221; google_fonts=&#8221;font_family:Lobster%3Aregular|font_style:400%20regular%3A400%3Anormal&#8221;][vc_column_text]<span style=\"color: #ffffff;\">\u201cAix\u00f2 era que se era, el b\u00e9 que vinguera per a tots, benvingut siga, i el mal per a qui lo anara a buscar.\u201d <em>(El Quixot)<\/em><\/span>[\/vc_column_text][\/vc_column_inner][vc_column_inner][vc_btn title=&#8221;+ Detalls&#8221; style=&#8221;outline-custom&#8221; outline_custom_color=&#8221;#ffffff&#8221; outline_custom_hover_background=&#8221;#b70000&#8243; outline_custom_hover_text=&#8221;#ffffff&#8221; shape=&#8221;round&#8221; size=&#8221;sm&#8221; align=&#8221;right&#8221; link=&#8221;url:%2Fca%2Fcuentacuentos|||&#8221;][\/vc_column_inner][\/vc_row_inner][vc_empty_space height=&#8221;5px&#8221;][\/vc_column][vc_column width=&#8221;1\/4&#8243; css=&#8221;.vc_custom_1578497315755{background-color: #d4c872 !important;}&#8221;][vc_empty_space height=&#8221;5px&#8221;][vc_row_inner][vc_column_inner width=&#8221;1\/4&#8243;][vc_column_text]<img loading=\"lazy\" decoding=\"async\" class=\"alignnone wp-image-314\" src=\"\/images\/teatro-de-animaciones.png\" alt=\"teatro-de-animaciones\" width=\"80\" height=\"80\" srcset=\"https:\/\/alcalordelaspalabras.es\/images\/teatro-de-animaciones.png 128w, https:\/\/alcalordelaspalabras.es\/images\/teatro-de-animaciones-50x50.png 50w, https:\/\/alcalordelaspalabras.es\/images\/teatro-de-animaciones-80x80.png 80w, https:\/\/alcalordelaspalabras.es\/images\/teatro-de-animaciones-75x75.png 75w, https:\/\/alcalordelaspalabras.es\/images\/teatro-de-animaciones-85x85.png 85w\" sizes=\"(max-width: 80px) 100vw, 80px\" \/>[\/vc_column_text][\/vc_column_inner][vc_column_inner width=&#8221;3\/4&#8243;][vc_custom_heading text=&#8221;Animaci\u00f3&#8221; font_container=&#8221;tag:h3|font_size:30|text_align:left|color:%23ffffff&#8221; google_fonts=&#8221;font_family:Lobster%3Aregular|font_style:400%20regular%3A400%3Anormal&#8221;][vc_column_text]<span style=\"color: #ffffff;\">\u201cLa paraula converteix l\u00b4idea en realitat, este \u00e9s el fenomen que vegem produir-se en l\u00b4\u00e0nim dels oients de qualsevol edat i condici\u00f3\u201d. <em>(Nacer Khemir)<\/em><\/span>[\/vc_column_text][\/vc_column_inner][vc_column_inner][vc_btn title=&#8221;+ Detalls&#8221; style=&#8221;outline-custom&#8221; outline_custom_color=&#8221;#ffffff&#8221; outline_custom_hover_background=&#8221;#b70000&#8243; outline_custom_hover_text=&#8221;#ffffff&#8221; shape=&#8221;round&#8221; size=&#8221;sm&#8221; align=&#8221;right&#8221; link=&#8221;url:%2Fca%2Fanimacion|||&#8221;][\/vc_column_inner][\/vc_row_inner][vc_empty_space height=&#8221;5px&#8221;][\/vc_column][vc_column width=&#8221;1\/4&#8243; css=&#8221;.vc_custom_1459463670831{background-color: #d3c345 !important;}&#8221;][vc_empty_space height=&#8221;5px&#8221;][vc_row_inner][vc_column_inner width=&#8221;1\/4&#8243;][vc_column_text]<img loading=\"lazy\" decoding=\"async\" class=\"alignnone wp-image-508\" src=\"\/images\/note-1.png\" alt=\"note (1)\" width=\"80\" height=\"80\" srcset=\"https:\/\/alcalordelaspalabras.es\/images\/note-1.png 128w, https:\/\/alcalordelaspalabras.es\/images\/note-1-50x50.png 50w, https:\/\/alcalordelaspalabras.es\/images\/note-1-80x80.png 80w, https:\/\/alcalordelaspalabras.es\/images\/note-1-75x75.png 75w, https:\/\/alcalordelaspalabras.es\/images\/note-1-85x85.png 85w\" sizes=\"(max-width: 80px) 100vw, 80px\" \/>[\/vc_column_text][\/vc_column_inner][vc_column_inner width=&#8221;3\/4&#8243;][vc_custom_heading text=&#8221;Formaci\u00f3&#8221; font_container=&#8221;tag:h3|font_size:30|text_align:left|color:%23ffffff&#8221; google_fonts=&#8221;font_family:Lobster%3Aregular|font_style:400%20regular%3A400%3Anormal&#8221;][vc_column_text]<span style=\"color: #ffffff;\">\u201cEn q\u00fcestions de cultura i saber; nom\u00e9s es perd el que es guarda, nom\u00e9s es guanya el que es dona\u201d<em> (Antonio Machado)<\/em><\/span>[\/vc_column_text][\/vc_column_inner][vc_column_inner][vc_btn title=&#8221;+ Detalls&#8221; style=&#8221;outline-custom&#8221; outline_custom_color=&#8221;#ffffff&#8221; outline_custom_hover_background=&#8221;#b70000&#8243; outline_custom_hover_text=&#8221;#ffffff&#8221; shape=&#8221;round&#8221; size=&#8221;sm&#8221; align=&#8221;right&#8221; link=&#8221;url:%2Fca%2Fformacion|||&#8221;][\/vc_column_inner][\/vc_row_inner][vc_empty_space height=&#8221;5px&#8221;][\/vc_column][vc_column width=&#8221;1\/4&#8243; css=&#8221;.vc_custom_1459463455073{background-color: #d4c872 !important;}&#8221;][vc_empty_space height=&#8221;5px&#8221;][vc_row_inner][vc_column_inner width=&#8221;1\/4&#8243;][vc_column_text]<img loading=\"lazy\" decoding=\"async\" class=\"alignnone size-full wp-image-506\" src=\"\/images\/creative-man-with-lightbulb-head.png\" alt=\"creative-man-with-lightbulb-head\" width=\"128\" height=\"128\" srcset=\"https:\/\/alcalordelaspalabras.es\/images\/creative-man-with-lightbulb-head.png 128w, https:\/\/alcalordelaspalabras.es\/images\/creative-man-with-lightbulb-head-50x50.png 50w, https:\/\/alcalordelaspalabras.es\/images\/creative-man-with-lightbulb-head-80x80.png 80w, https:\/\/alcalordelaspalabras.es\/images\/creative-man-with-lightbulb-head-75x75.png 75w, https:\/\/alcalordelaspalabras.es\/images\/creative-man-with-lightbulb-head-85x85.png 85w\" sizes=\"(max-width: 128px) 100vw, 128px\" \/>[\/vc_column_text][\/vc_column_inner][vc_column_inner width=&#8221;3\/4&#8243;][vc_custom_heading text=&#8221;Esdeveniments&#8221; font_container=&#8221;tag:h3|font_size:30|text_align:left|color:%23ffffff&#8221; google_fonts=&#8221;font_family:Lobster%3Aregular|font_style:400%20regular%3A400%3Anormal&#8221;][vc_column_text]<span style=\"color: #ffffff;\">\u201cEls contes van on va la gent, siga prop o lluny i ning\u00fa es perd ja que ens marquen el cami\u201d.<em> (An\u00f2nim)<\/em><\/span>[\/vc_column_text][\/vc_column_inner][vc_column_inner][vc_btn title=&#8221;+ Detalls&#8221; style=&#8221;outline-custom&#8221; outline_custom_color=&#8221;#ffffff&#8221; outline_custom_hover_background=&#8221;#b70000&#8243; outline_custom_hover_text=&#8221;#ffffff&#8221; shape=&#8221;round&#8221; size=&#8221;sm&#8221; align=&#8221;right&#8221; link=&#8221;url:%2Fca%2Feventos|||&#8221;][\/vc_column_inner][\/vc_row_inner][vc_empty_space height=&#8221;5px&#8221;][\/vc_column][\/vc_row][vc_row full_width=&#8221;stretch_row&#8221; css=&#8221;.vc_custom_1466176910175{margin-top: -30px !important;background-color: #ffffff !important;}&#8221;][vc_column][vc_empty_space height=&#8221;20px&#8221;][vc_custom_heading text=&#8221;Caracter\u00edstiques de totes les meues propostes&#8221; font_container=&#8221;tag:h2|font_size:40|text_align:center|color:%23b70000&#8243; google_fonts=&#8221;font_family:Lobster%3Aregular|font_style:400%20regular%3A400%3Anormal&#8221;][vc_column_text]<\/p>\n<p style=\"text-align: center;\">Originalitat, diversi\u00f3, varietat, transmisi\u00f3 de valors, adaptabilitat, condicions t\u00e8cniques asequibles i bon preu.<br \/>\nTotes sense excepci\u00f3 estan pensades per animar a la lectura de diverses maneres i per tant <strong>son d\u00b4inter\u00e8s per al futur de l\u00b4humanitat.<\/strong><\/p>\n<p>[\/vc_column_text][\/vc_column][\/vc_row][vc_row full_width=&#8221;stretch_row&#8221; css=&#8221;.vc_custom_1530216661667{margin-top: -35px !important;margin-bottom: 0px !important;background: #ffffff url(https:\/\/alcalordelaspalabras.es\/images\/caracteristicas-va.jpg?id=1327) !important;background-position: center !important;background-repeat: no-repeat !important;background-size: cover !important;}&#8221;][vc_column][vc_empty_space height=&#8221;600px&#8221;][\/vc_column][\/vc_row][vc_row][vc_column][vc_empty_space height=&#8221;20px&#8221;][vc_custom_heading text=&#8221;Llibres&#8221; font_container=&#8221;tag:h2|font_size:40|text_align:center|color:%23b70000&#8243; google_fonts=&#8221;font_family:Lobster%3Aregular|font_style:400%20regular%3A400%3Anormal&#8221;][vc_empty_space height=&#8221;1px&#8221;][\/vc_column][\/vc_row][vc_row][vc_column width=&#8221;1\/4&#8243; offset=&#8221;vc_col-xs-6&#8243;][vc_column_text css_animation=&#8221;appear&#8221;]<\/p>\n<p style=\"text-align: center;\"><img loading=\"lazy\" decoding=\"async\" class=\"alignnone wp-image-2147 size-full\" src=\"https:\/\/alcalordelaspalabras.es\/images\/quisicoses-per-a-essers-curiosos.jpg\" alt=\"\" width=\"536\" height=\"792\" srcset=\"https:\/\/alcalordelaspalabras.es\/images\/quisicoses-per-a-essers-curiosos.jpg 536w, https:\/\/alcalordelaspalabras.es\/images\/quisicoses-per-a-essers-curiosos-203x300.jpg 203w, https:\/\/alcalordelaspalabras.es\/images\/quisicoses-per-a-essers-curiosos-99x146.jpg 99w, https:\/\/alcalordelaspalabras.es\/images\/quisicoses-per-a-essers-curiosos-34x50.jpg 34w, https:\/\/alcalordelaspalabras.es\/images\/quisicoses-per-a-essers-curiosos-51x75.jpg 51w\" sizes=\"(max-width: 536px) 100vw, 536px\" \/><\/p>\n<h4 style=\"text-align: center;\">\u201cQUISICOSES\u201d<\/h4>\n<p style=\"text-align: center;\">PER A \u00c9SSERS CURIOSOS<\/p>\n<h6 style=\"text-align: center;\"><\/h6>\n<p>[\/vc_column_text][vc_btn title=&#8221;SOL\u00b7LICITA EL LLIBRE&#8221; style=&#8221;outline-custom&#8221; outline_custom_color=&#8221;#b70000&#8243; outline_custom_hover_background=&#8221;#b70000&#8243; outline_custom_hover_text=&#8221;#000000&#8243; shape=&#8221;round&#8221; size=&#8221;xs&#8221; align=&#8221;center&#8221; link=&#8221;url:%2Fca%2Fcontacto|||&#8221;][vc_empty_space height=&#8221;10px&#8221;][\/vc_column][vc_column width=&#8221;1\/4&#8243; offset=&#8221;vc_col-xs-6&#8243;][vc_column_text css_animation=&#8221;appear&#8221;]<\/p>\n<p style=\"text-align: center;\"><a href=\"https:\/\/alcalordelaspalabras.es\/ca\/libros\/\"><img loading=\"lazy\" decoding=\"async\" class=\"alignnone wp-image-328 size-full\" src=\"\/images\/el-tio-paraguero-tradicion-oral-de-la-serrania.jpg\" alt=\"el-tio-paraguero-tradicion-oral-de-la-serrania\" width=\"536\" height=\"792\" srcset=\"https:\/\/alcalordelaspalabras.es\/images\/el-tio-paraguero-tradicion-oral-de-la-serrania.jpg 536w, https:\/\/alcalordelaspalabras.es\/images\/el-tio-paraguero-tradicion-oral-de-la-serrania-203x300.jpg 203w, https:\/\/alcalordelaspalabras.es\/images\/el-tio-paraguero-tradicion-oral-de-la-serrania-99x146.jpg 99w, https:\/\/alcalordelaspalabras.es\/images\/el-tio-paraguero-tradicion-oral-de-la-serrania-34x50.jpg 34w, https:\/\/alcalordelaspalabras.es\/images\/el-tio-paraguero-tradicion-oral-de-la-serrania-51x75.jpg 51w\" sizes=\"(max-width: 536px) 100vw, 536px\" \/><\/a><\/p>\n<h4 style=\"text-align: center;\">El T\u00edo Parag\u00fcero<\/h4>\n<p style=\"text-align: center;\">Tradici\u00f3n Oral de La Serran\u00eda I y II<\/p>\n<h6 style=\"text-align: center;\"><\/h6>\n<p>[\/vc_column_text][vc_btn title=&#8221;SOL\u00b7LICITA EL LLIBRE&#8221; style=&#8221;outline-custom&#8221; outline_custom_color=&#8221;#b70000&#8243; outline_custom_hover_background=&#8221;#b70000&#8243; outline_custom_hover_text=&#8221;#000000&#8243; shape=&#8221;round&#8221; size=&#8221;xs&#8221; align=&#8221;center&#8221; link=&#8221;url:%2Fca%2Fcontacto|||&#8221;][vc_empty_space height=&#8221;10px&#8221;][\/vc_column][vc_column width=&#8221;1\/4&#8243; offset=&#8221;vc_col-xs-6&#8243;][vc_column_text css_animation=&#8221;appear&#8221;]<\/p>\n<p style=\"text-align: center;\"><a href=\"https:\/\/alcalordelaspalabras.es\/ca\/libros\/\"><img loading=\"lazy\" decoding=\"async\" class=\"alignnone size-full wp-image-329\" src=\"\/images\/el-tio-paraguero-tradicion-oral-de-la-serrania-III.jpg\" alt=\"el-tio-paraguero-tradicion-oral-de-la-serrania-III\" width=\"536\" height=\"792\" srcset=\"https:\/\/alcalordelaspalabras.es\/images\/el-tio-paraguero-tradicion-oral-de-la-serrania-III.jpg 536w, https:\/\/alcalordelaspalabras.es\/images\/el-tio-paraguero-tradicion-oral-de-la-serrania-III-203x300.jpg 203w, https:\/\/alcalordelaspalabras.es\/images\/el-tio-paraguero-tradicion-oral-de-la-serrania-III-99x146.jpg 99w, https:\/\/alcalordelaspalabras.es\/images\/el-tio-paraguero-tradicion-oral-de-la-serrania-III-34x50.jpg 34w, https:\/\/alcalordelaspalabras.es\/images\/el-tio-paraguero-tradicion-oral-de-la-serrania-III-51x75.jpg 51w\" sizes=\"(max-width: 536px) 100vw, 536px\" \/><\/a><\/p>\n<h4 style=\"text-align: center;\">El T\u00edo Parag\u00fcero<\/h4>\n<p style=\"text-align: center;\">Tradici\u00f3n Oral de La Serran\u00eda III<\/p>\n<h6 style=\"text-align: center;\"><\/h6>\n<p>[\/vc_column_text][vc_btn title=&#8221;SOL\u00b7LICITA EL LLIBRE&#8221; style=&#8221;outline-custom&#8221; outline_custom_color=&#8221;#b70000&#8243; outline_custom_hover_background=&#8221;#b70000&#8243; outline_custom_hover_text=&#8221;#000000&#8243; shape=&#8221;round&#8221; size=&#8221;xs&#8221; align=&#8221;center&#8221; link=&#8221;url:%2Fca%2Fcontacto|||&#8221;][vc_empty_space height=&#8221;10px&#8221;][\/vc_column][vc_column width=&#8221;1\/4&#8243; offset=&#8221;vc_col-xs-6&#8243;][vc_column_text css_animation=&#8221;appear&#8221;]<\/p>\n<p style=\"text-align: center;\"><img loading=\"lazy\" decoding=\"async\" class=\"alignnone size-full wp-image-1207\" src=\"\/images\/el-tio-paraguero-iv.jpg\" alt=\"el-tio-paraguero-iv\" width=\"536\" height=\"792\" srcset=\"https:\/\/alcalordelaspalabras.es\/images\/el-tio-paraguero-iv.jpg 536w, https:\/\/alcalordelaspalabras.es\/images\/el-tio-paraguero-iv-203x300.jpg 203w, https:\/\/alcalordelaspalabras.es\/images\/el-tio-paraguero-iv-99x146.jpg 99w, https:\/\/alcalordelaspalabras.es\/images\/el-tio-paraguero-iv-34x50.jpg 34w, https:\/\/alcalordelaspalabras.es\/images\/el-tio-paraguero-iv-51x75.jpg 51w\" sizes=\"(max-width: 536px) 100vw, 536px\" \/><\/p>\n<h4 style=\"text-align: center;\">El T\u00edo Parag\u00fcero<\/h4>\n<p style=\"text-align: center;\">Tradici\u00f3n Oral de La Serran\u00eda IV<\/p>\n<h6 style=\"text-align: center;\"><\/h6>\n<p>[\/vc_column_text][vc_btn title=&#8221;SOL\u00b7LICITA EL LLIBRE&#8221; style=&#8221;outline-custom&#8221; outline_custom_color=&#8221;#b70000&#8243; outline_custom_hover_background=&#8221;#b70000&#8243; outline_custom_hover_text=&#8221;#000000&#8243; shape=&#8221;round&#8221; size=&#8221;xs&#8221; align=&#8221;center&#8221; link=&#8221;url:%2Fca%2Fcontacto|||&#8221;][vc_empty_space height=&#8221;10px&#8221;][\/vc_column][\/vc_row]<\/p>\n","protected":false},"excerpt":{"rendered":"<p>[vc_row full_width=&#8221;stretch_row_content&#8221;][vc_column width=&#8221;1\/4&#8243; css=&#8221;.vc_custom_1578497324911{background-color: #d3c345 !important;}&#8221;][vc_empty_space height=&#8221;5px&#8221;][vc_row_inner][vc_column_inner width=&#8221;1\/4&#8243;][vc_column_text][\/vc_column_text][\/vc_column_inner][vc_column_inner width=&#8221;3\/4&#8243;][vc_custom_heading text=&#8221;Contacontes&#8221; font_container=&#8221;tag:h3|font_size:30|text_align:left|color:%23ffffff&#8221; google_fonts=&#8221;font_family:Lobster%3Aregular|font_style:400%20regular%3A400%3Anormal&#8221;][vc_column_text]\u201cAix\u00f2 era que se era, el b\u00e9 que vinguera per a tots, benvingut siga, i<span class=\"excerpt-hellip\"> [\u2026]<\/span><\/p>\n","protected":false},"author":1,"featured_media":0,"parent":0,"menu_order":0,"comment_status":"closed","ping_status":"closed","template":"","meta":{"footnotes":""},"yoast_head":"<!-- This site is optimized with the Yoast SEO plugin v22.7 - https:\/\/yoast.com\/wordpress\/plugins\/seo\/ -->\n<title>Vicente Cortes - Cuentacuentos y vividor del cuento<\/title>\n<meta name=\"description\" content=\"Vicente Cortes Vividor del Cuento \u201cOriginalidad, diversi\u00f3n, variedad, transmisi\u00f3n de valores, adaptabilidad, condiciones t\u00e9cnicas asequibles y buen precio.\" \/>\n<meta name=\"robots\" content=\"index, follow, max-snippet:-1, max-image-preview:large, max-video-preview:-1\" \/>\n<link rel=\"canonical\" href=\"https:\/\/alcalordelaspalabras.es\/ca\/\" \/>\n<meta property=\"og:locale\" content=\"en_US\" \/>\n<meta property=\"og:type\" content=\"article\" \/>\n<meta property=\"og:title\" content=\"Vicente Cortes - Cuentacuentos y vividor del cuento\" \/>\n<meta property=\"og:description\" content=\"Vicente Cortes Vividor del Cuento \u201cOriginalidad, diversi\u00f3n, variedad, transmisi\u00f3n de valores, adaptabilidad, condiciones t\u00e9cnicas asequibles y buen precio.\" \/>\n<meta property=\"og:url\" content=\"https:\/\/alcalordelaspalabras.es\/ca\/\" \/>\n<meta property=\"og:site_name\" content=\"Vicente Cortes\" \/>\n<meta property=\"article:modified_time\" content=\"2024-05-16T10:05:11+00:00\" \/>\n<meta property=\"og:image\" content=\"https:\/\/alcalordelaspalabras.es\/images\/quisicoses-per-a-essers-curiosos.jpg\" \/>\n<meta name=\"twitter:card\" content=\"summary_large_image\" \/>\n<meta name=\"twitter:label1\" content=\"Est. reading time\" \/>\n\t<meta name=\"twitter:data1\" content=\"4 minutes\" \/>\n<script type=\"application\/ld+json\" class=\"yoast-schema-graph\">{\"@context\":\"https:\/\/schema.org\",\"@graph\":[{\"@type\":\"WebPage\",\"@id\":\"https:\/\/alcalordelaspalabras.es\/ca\/\",\"url\":\"https:\/\/alcalordelaspalabras.es\/ca\/\",\"name\":\"Vicente Cortes - Cuentacuentos y vividor del cuento\",\"isPartOf\":{\"@id\":\"https:\/\/alcalordelaspalabras.es\/#website\"},\"primaryImageOfPage\":{\"@id\":\"https:\/\/alcalordelaspalabras.es\/ca\/#primaryimage\"},\"image\":{\"@id\":\"https:\/\/alcalordelaspalabras.es\/ca\/#primaryimage\"},\"thumbnailUrl\":\"https:\/\/alcalordelaspalabras.es\/images\/quisicoses-per-a-essers-curiosos.jpg\",\"datePublished\":\"2016-01-24T19:59:21+00:00\",\"dateModified\":\"2024-05-16T10:05:11+00:00\",\"description\":\"Vicente Cortes Vividor del Cuento \u201cOriginalidad, diversi\u00f3n, variedad, transmisi\u00f3n de valores, adaptabilidad, condiciones t\u00e9cnicas asequibles y buen precio.\",\"breadcrumb\":{\"@id\":\"https:\/\/alcalordelaspalabras.es\/ca\/#breadcrumb\"},\"inLanguage\":\"va\",\"potentialAction\":[{\"@type\":\"ReadAction\",\"target\":[\"https:\/\/alcalordelaspalabras.es\/ca\/\"]}]},{\"@type\":\"ImageObject\",\"inLanguage\":\"va\",\"@id\":\"https:\/\/alcalordelaspalabras.es\/ca\/#primaryimage\",\"url\":\"https:\/\/alcalordelaspalabras.es\/images\/quisicoses-per-a-essers-curiosos.jpg\",\"contentUrl\":\"https:\/\/alcalordelaspalabras.es\/images\/quisicoses-per-a-essers-curiosos.jpg\"},{\"@type\":\"BreadcrumbList\",\"@id\":\"https:\/\/alcalordelaspalabras.es\/ca\/#breadcrumb\",\"itemListElement\":[{\"@type\":\"ListItem\",\"position\":1,\"name\":\"Portada\",\"item\":\"https:\/\/alcalordelaspalabras.es\/ca\/\"},{\"@type\":\"ListItem\",\"position\":2,\"name\":\"Inicio\"}]},{\"@type\":\"WebSite\",\"@id\":\"https:\/\/alcalordelaspalabras.es\/#website\",\"url\":\"https:\/\/alcalordelaspalabras.es\/\",\"name\":\"Vicente Cortes\",\"description\":\"Vividor del Cuento\",\"potentialAction\":[{\"@type\":\"SearchAction\",\"target\":{\"@type\":\"EntryPoint\",\"urlTemplate\":\"https:\/\/alcalordelaspalabras.es\/?s={search_term_string}\"},\"query-input\":\"required name=search_term_string\"}],\"inLanguage\":\"va\"}]}<\/script>\n<!-- \/ Yoast SEO plugin. -->","yoast_head_json":{"title":"Vicente Cortes - Cuentacuentos y vividor del cuento","description":"Vicente Cortes Vividor del Cuento \u201cOriginalidad, diversi\u00f3n, variedad, transmisi\u00f3n de valores, adaptabilidad, condiciones t\u00e9cnicas asequibles y buen precio.","robots":{"index":"index","follow":"follow","max-snippet":"max-snippet:-1","max-image-preview":"max-image-preview:large","max-video-preview":"max-video-preview:-1"},"canonical":"https:\/\/alcalordelaspalabras.es\/ca\/","og_locale":"en_US","og_type":"article","og_title":"Vicente Cortes - Cuentacuentos y vividor del cuento","og_description":"Vicente Cortes Vividor del Cuento \u201cOriginalidad, diversi\u00f3n, variedad, transmisi\u00f3n de valores, adaptabilidad, condiciones t\u00e9cnicas asequibles y buen precio.","og_url":"https:\/\/alcalordelaspalabras.es\/ca\/","og_site_name":"Vicente Cortes","article_modified_time":"2024-05-16T10:05:11+00:00","og_image":[{"url":"https:\/\/alcalordelaspalabras.es\/images\/quisicoses-per-a-essers-curiosos.jpg"}],"twitter_card":"summary_large_image","twitter_misc":{"Est. reading time":"4 minutes"},"schema":{"@context":"https:\/\/schema.org","@graph":[{"@type":"WebPage","@id":"https:\/\/alcalordelaspalabras.es\/ca\/","url":"https:\/\/alcalordelaspalabras.es\/ca\/","name":"Vicente Cortes - Cuentacuentos y vividor del cuento","isPartOf":{"@id":"https:\/\/alcalordelaspalabras.es\/#website"},"primaryImageOfPage":{"@id":"https:\/\/alcalordelaspalabras.es\/ca\/#primaryimage"},"image":{"@id":"https:\/\/alcalordelaspalabras.es\/ca\/#primaryimage"},"thumbnailUrl":"https:\/\/alcalordelaspalabras.es\/images\/quisicoses-per-a-essers-curiosos.jpg","datePublished":"2016-01-24T19:59:21+00:00","dateModified":"2024-05-16T10:05:11+00:00","description":"Vicente Cortes Vividor del Cuento \u201cOriginalidad, diversi\u00f3n, variedad, transmisi\u00f3n de valores, adaptabilidad, condiciones t\u00e9cnicas asequibles y buen precio.","breadcrumb":{"@id":"https:\/\/alcalordelaspalabras.es\/ca\/#breadcrumb"},"inLanguage":"va","potentialAction":[{"@type":"ReadAction","target":["https:\/\/alcalordelaspalabras.es\/ca\/"]}]},{"@type":"ImageObject","inLanguage":"va","@id":"https:\/\/alcalordelaspalabras.es\/ca\/#primaryimage","url":"https:\/\/alcalordelaspalabras.es\/images\/quisicoses-per-a-essers-curiosos.jpg","contentUrl":"https:\/\/alcalordelaspalabras.es\/images\/quisicoses-per-a-essers-curiosos.jpg"},{"@type":"BreadcrumbList","@id":"https:\/\/alcalordelaspalabras.es\/ca\/#breadcrumb","itemListElement":[{"@type":"ListItem","position":1,"name":"Portada","item":"https:\/\/alcalordelaspalabras.es\/ca\/"},{"@type":"ListItem","position":2,"name":"Inicio"}]},{"@type":"WebSite","@id":"https:\/\/alcalordelaspalabras.es\/#website","url":"https:\/\/alcalordelaspalabras.es\/","name":"Vicente Cortes","description":"Vividor del Cuento","potentialAction":[{"@type":"SearchAction","target":{"@type":"EntryPoint","urlTemplate":"https:\/\/alcalordelaspalabras.es\/?s={search_term_string}"},"query-input":"required name=search_term_string"}],"inLanguage":"va"}]}},"_links":{"self":[{"href":"https:\/\/alcalordelaspalabras.es\/ca\/wp-json\/wp\/v2\/pages\/1295"}],"collection":[{"href":"https:\/\/alcalordelaspalabras.es\/ca\/wp-json\/wp\/v2\/pages"}],"about":[{"href":"https:\/\/alcalordelaspalabras.es\/ca\/wp-json\/wp\/v2\/types\/page"}],"author":[{"embeddable":true,"href":"https:\/\/alcalordelaspalabras.es\/ca\/wp-json\/wp\/v2\/users\/1"}],"replies":[{"embeddable":true,"href":"https:\/\/alcalordelaspalabras.es\/ca\/wp-json\/wp\/v2\/comments?post=1295"}],"version-history":[{"count":34,"href":"https:\/\/alcalordelaspalabras.es\/ca\/wp-json\/wp\/v2\/pages\/1295\/revisions"}],"predecessor-version":[{"id":2149,"href":"https:\/\/alcalordelaspalabras.es\/ca\/wp-json\/wp\/v2\/pages\/1295\/revisions\/2149"}],"wp:attachment":[{"href":"https:\/\/alcalordelaspalabras.es\/ca\/wp-json\/wp\/v2\/media?parent=1295"}],"curies":[{"name":"wp","href":"https:\/\/api.w.org\/{rel}","templated":true}]}}