{"id":1305,"date":"2016-01-25T09:36:36","date_gmt":"2016-01-25T09:36:36","guid":{"rendered":"http:\/\/alcalordelaspalabras.es\/animacion\/?lang=ca"},"modified":"2023-09-26T06:43:46","modified_gmt":"2023-09-26T06:43:46","slug":"animacion","status":"publish","type":"page","link":"https:\/\/alcalordelaspalabras.es\/ca\/animacion\/","title":{"rendered":"Animaci\u00f3n"},"content":{"rendered":"<p>[vc_row full_width=&#8221;stretch_row&#8221; css=&#8221;.vc_custom_1530221078574{margin-top: -30px !important;background-image: url(https:\/\/alcalordelaspalabras.es\/images\/vicente-cortes-animacion.jpg?id=891) !important;background-position: center !important;background-repeat: no-repeat !important;background-size: cover !important;}&#8221;][vc_column][vc_empty_space height=&#8221;70px&#8221;][vc_column_text]<\/p>\n<h1 style=\"text-align: center;\"><span style=\"color: #ffffff;\">Animaci\u00f3<\/span><\/h1>\n<p>[\/vc_column_text][vc_empty_space height=&#8221;30px&#8221;][\/vc_column][\/vc_row][vc_row css=&#8221;.vc_custom_1695710494616{padding-top: 100px !important;padding-bottom: 100px !important;}&#8221;][vc_column width=&#8221;1\/2&#8243;][vc_gallery type=&#8221;flexslider_slide&#8221; interval=&#8221;0&#8243; images=&#8221;1190,1192,1191&#8243; img_size=&#8221;full&#8221; onclick=&#8221;&#8221; css=&#8221;.vc_custom_1461690282306{margin-bottom: -10px !important;}&#8221;][\/vc_column][vc_column width=&#8221;1\/2&#8243;][vc_custom_heading text=&#8221;Un, don, din, calur\u00e9, caluret\u00e9&#8221; font_container=&#8221;tag:h1|font_size:40|text_align:left|color:%23b70000&#8243; google_fonts=&#8221;font_family:Lobster%3Aregular|font_style:400%20regular%3A400%3Anormal&#8221;][vc_column_text]<\/p>\n<h4>\u201cNom\u00e9s en somnis, en la poes\u00eda, i en els jocs traiem el cap a vegades a all\u00f2 que f\u00f3rem, abans de ser a\u00e7\u00f2 que vaja a saber si som.\u201d<span style=\"font-size: 12px;\"><em style=\"line-height: 1.5;\"><br \/>\n(Julio Cort\u00e1zar)<\/em><\/span><\/h4>\n<p>Proposta l\u00fadic-musical fruit de la combinaci\u00f3 de can\u00e7ons, balls i jocs amb el nexe com\u00fa i profund de la literatura oral.<br \/>\n\u201cUn, don, din\u2026\u201d \u00e9s ideal per a dinamitzar esdeveniments variats de car\u00e0cter festiu.<\/p>\n<hr \/>\n<p><strong>M\u00e9s dades:<\/strong><\/p>\n<ul>\n<li>Duraci\u00f3: 35, 45 o 55minuts, segons cicles escolars o nivells de edat.<\/li>\n<li>P\u00fablic: Infantil 3 a 12 anys i familiar.<\/li>\n<li>Grups de: 100 asistents com a m\u00e0xim.<\/li>\n<\/ul>\n<p>[\/vc_column_text][\/vc_column][\/vc_row][vc_row full_width=&#8221;stretch_row&#8221; css=&#8221;.vc_custom_1695710505484{padding-top: 100px !important;padding-bottom: 100px !important;background-color: #ffffff !important;background-position: center !important;background-repeat: no-repeat !important;background-size: cover !important;}&#8221;][vc_column width=&#8221;1\/2&#8243;][vc_gallery type=&#8221;flexslider_slide&#8221; interval=&#8221;0&#8243; images=&#8221;919,920,921&#8243; img_size=&#8221;full&#8221; css=&#8221;.vc_custom_1530221037816{margin-bottom: -10px !important;}&#8221;][\/vc_column][vc_column width=&#8221;1\/2&#8243;][vc_custom_heading text=&#8221;Subhasta de conte&#8221; font_container=&#8221;tag:h1|font_size:40|text_align:left|color:%23b70000&#8243; google_fonts=&#8221;font_family:Lobster%3Aregular|font_style:400%20regular%3A400%3Anormal&#8221;][vc_column_text]<\/p>\n<h4>\u201cEl conte es un llibre d\u00b4 imatges auditives, una fantas\u00eda did\u00e0ctica\u201d.<span style=\"font-size: 12px;\"><em style=\"line-height: 1.5;\"><br \/>\n(Rodolfo Gil Grimau)<\/em><\/span><\/h4>\n<p>\u00bfAlg\u00fa dona m\u00e9s?\u2026subhasta de llibres i d\u00b4objectes \u2013d\u00b4all\u00f2 m\u00e9s variat i exotic- que pertanyen a personatges de conte o al seus autors. Original e insolita subhasta ja que les monedes de canvi son abra\u00e7os, carasses, cosquerelles, rialles, bots,\u2026<br \/>\n\u00a1Ah! i entre subhasta i subasta una sorpresa en forma de conte, poema, can\u00e7oneta, endevinalla, faula\u2026<\/p>\n<hr \/>\n<p><strong>M\u00e9s dades:<\/strong><\/p>\n<ul>\n<li>Escenari de realitzaci\u00f3: Llocs estrat\u00e9gics de biblioteques, llibreries, fires del llibre, escoles, mercats \u2026 etc.<\/li>\n<li>Duraci\u00f3: 55 minuts.<\/li>\n<li>Dirigit a public: Tots, infantil 3 a 12 anys o adult (segond versi\u00f3)<\/li>\n<\/ul>\n<p>[\/vc_column_text][\/vc_column][\/vc_row][vc_row full_width=&#8221;stretch_row&#8221; css=&#8221;.vc_custom_1695710515724{padding-top: 100px !important;padding-bottom: 100px !important;}&#8221;][vc_column width=&#8221;1\/2&#8243;][vc_gallery type=&#8221;flexslider_slide&#8221; interval=&#8221;0&#8243; images=&#8221;1943,1945,1947,1949&#8243; img_size=&#8221;full&#8221; onclick=&#8221;&#8221; css=&#8221;.vc_custom_1631222805365{margin-bottom: -10px !important;}&#8221;][\/vc_column][vc_column width=&#8221;1\/2&#8243;][vc_custom_heading text=&#8221;A l\u00b4ombra del llibre&#8221; font_container=&#8221;tag:h1|font_size:40|text_align:left|color:%23b70000&#8243; google_fonts=&#8221;font_family:Lobster%3Aregular|font_style:400%20regular%3A400%3Anormal&#8221;][vc_column_text]<\/p>\n<h4>\u201cEls llibres s\u00f3n las abelles que porten el pol.len d\u00b4una intel.lig\u00e8ncia a una altra\u201d<span style=\"font-size: 12px;\"><em style=\"line-height: 1.5;\"><br \/>\n(An\u00f2nim)<\/em><\/span><\/h4>\n<p>Divertit espectacle teatral d\u00b4ombres variades basat en els llibres \u201cJoc de llums\u201d, \u201cEl mon es teu\u201d i \u201cEns agradem\u201d amb el tema com\u00fa de la llibertat en la diversitat&#8230; \u00a1Ah! i un cant al art i la cultura amb la fabuleta \u201cEl pardal i la rabosa\u201d, regal de la casa.<\/p>\n<ul>\n<li>Duraci\u00f3 35 min.<\/li>\n<li>Dirigit a p\u00fablic: Tots<\/li>\n<li>Escenari realitzaci\u00f3: Espai de 4x4x4 mts fosc total<\/li>\n<li>Grups de: 75 persones com a m\u00e0xim<\/li>\n<\/ul>\n<p>[\/vc_column_text][\/vc_column][\/vc_row][vc_row full_width=&#8221;stretch_row_content&#8221; css=&#8221;.vc_custom_1695710527967{padding-top: 100px !important;padding-bottom: 100px !important;background-color: #ffffff !important;background-position: center !important;background-repeat: no-repeat !important;background-size: cover !important;}&#8221;][vc_column width=&#8221;1\/2&#8243;][vc_gallery type=&#8221;flexslider_slide&#8221; interval=&#8221;0&#8243; images=&#8221;1835,1881,1694&#8243; img_size=&#8221;full&#8221; onclick=&#8221;&#8221; css=&#8221;.vc_custom_1578588384671{margin-bottom: -10px !important;}&#8221;][\/vc_column][vc_column width=&#8221;1\/2&#8243;][vc_custom_heading text=&#8221;Teatrambul&#8221; font_container=&#8221;tag:h1|font_size:40|text_align:left|color:%23b70000&#8243; google_fonts=&#8221;font_family:Lobster%3Aregular|font_style:400%20regular%3A400%3Anormal&#8221;][vc_column_text]<\/p>\n<h4>\u201cPer a viatjar lluny no hi ha millor nau que un llibre\u201d.<span style=\"font-size: 12px;\"><em style=\"line-height: 1.5;\"><br \/>\n(Emily Dickinson)<\/em><\/span><\/h4>\n<p>Teatret ambulant de titelles i ombres que on menys t&#8217;ho esperes t\u00b4ix al encontr\u00e9, i en un obrir i tancar de telonet es munta un espectaclet. Teatre i diversi\u00f3 en qualsevol raconet.<\/p>\n<ul>\n<li style=\"list-style-type: none;\">\n<ul>\n<li>Duraci\u00f3: 10 minuts<\/li>\n<li>Dirigit a p\u00fablic: Tots, grups al voltant de 25-30 persones<\/li>\n<li>Espais: Oberts o tancats, per\u00f2 silenciosos el m\u00e9s possible.<\/li>\n<li>Necessitats: Una persona d\u00b4organitzaci\u00f3 que servisca de pigall i de servei d\u00b4ordre.<\/li>\n<\/ul>\n<\/li>\n<\/ul>\n<p>[\/vc_column_text][\/vc_column][\/vc_row][vc_row full_width=&#8221;stretch_row&#8221; css=&#8221;.vc_custom_1695710623502{padding-top: 100px !important;padding-bottom: 100px !important;}&#8221;][vc_column width=&#8221;1\/2&#8243;][vc_gallery type=&#8221;flexslider_slide&#8221; interval=&#8221;0&#8243; images=&#8221;2091,2101,2099,2097,2095&#8243; img_size=&#8221;full&#8221; css=&#8221;.vc_custom_1692596726424{margin-bottom: -10px !important;}&#8221;][\/vc_column][vc_column width=&#8221;1\/2&#8243;][vc_custom_heading text=&#8221;Perill:Llibres!&#8221; font_container=&#8221;tag:h1|font_size:40|text_align:left|color:%23b70000&#8243; google_fonts=&#8221;font_family:Lobster%3Aregular|font_style:400%20regular%3A400%3Anormal&#8221;][vc_column_text]<\/p>\n<h4>\u201cEl llibre: obrir-lo i que t\u00b4\u00f2briga \u201d.<span style=\"font-size: 12px;\"><em style=\"line-height: 1.5;\">(An\u00f2nim)<\/em><\/span><\/h4>\n<p>\u00daltima visita guiada al Museu del Llibre ja que els seus fons seran eliminats al dia seg\u00fcent com dicta la Llei d\u00b4Eradicaci\u00f3 del Vici.<br \/>\nEl vigilant i un sofisticat sistema de seguretat i control, vigilara la visita ja que <strong>els llibres estan prohibits<\/strong> sota pena d\u00b4un c\u00e0stig exemplar.<br \/>\nPer\u00f2, el vigilant te una doble vida i\u2026\u00e8s un llibre vivent i conta les seues hist\u00f2ries, \u00e9s un contacontes.<\/p>\n<p><em><strong>Espectacle ideal per a celebrar el D\u00eda de la Biblioteca.<\/strong><\/em><\/p>\n<p>Duraci\u00f3: 55 min.<br \/>\nIdioma: Castell\u00e0 \/ Valenci\u00e0<br \/>\nP\u00fablico: De 3 a 8 anys<br \/>\nPreu: A convenir<br \/>\nNecessitats materials:[\/vc_column_text][\/vc_column][\/vc_row]<\/p>\n","protected":false},"excerpt":{"rendered":"<p>[vc_row full_width=&#8221;stretch_row&#8221; css=&#8221;.vc_custom_1530221078574{margin-top: -30px !important;background-image: url(https:\/\/alcalordelaspalabras.es\/images\/vicente-cortes-animacion.jpg?id=891) !important;background-position: center !important;background-repeat: no-repeat !important;background-size: cover !important;}&#8221;][vc_column][vc_empty_space height=&#8221;70px&#8221;][vc_column_text] Animaci\u00f3 [\/vc_column_text][vc_empty_space height=&#8221;30px&#8221;][\/vc_column][\/vc_row][vc_row css=&#8221;.vc_custom_1695710494616{padding-top: 100px !important;padding-bottom: 100px !important;}&#8221;][vc_column width=&#8221;1\/2&#8243;][vc_gallery type=&#8221;flexslider_slide&#8221; interval=&#8221;0&#8243; images=&#8221;1190,1192,1191&#8243;<span class=\"excerpt-hellip\"> [\u2026]<\/span><\/p>\n","protected":false},"author":1,"featured_media":0,"parent":0,"menu_order":0,"comment_status":"closed","ping_status":"closed","template":"","meta":{"footnotes":""},"yoast_head":"<!-- This site is optimized with the Yoast SEO plugin v22.7 - https:\/\/yoast.com\/wordpress\/plugins\/seo\/ -->\n<title>Animaci\u00f3n - Vicente Cortes<\/title>\n<meta name=\"robots\" content=\"index, follow, max-snippet:-1, max-image-preview:large, max-video-preview:-1\" \/>\n<link rel=\"canonical\" href=\"https:\/\/alcalordelaspalabras.es\/ca\/animacion\/\" \/>\n<meta property=\"og:locale\" content=\"en_US\" \/>\n<meta property=\"og:type\" content=\"article\" \/>\n<meta property=\"og:title\" content=\"Animaci\u00f3n - Vicente Cortes\" \/>\n<meta property=\"og:description\" content=\"[vc_row full_width=&#8221;stretch_row&#8221; css=&#8221;.vc_custom_1530221078574{margin-top: -30px !important;background-image: url(https:\/\/alcalordelaspalabras.es\/images\/vicente-cortes-animacion.jpg?id=891) !important;background-position: center !important;background-repeat: no-repeat !important;background-size: cover !important;}&#8221;][vc_column][vc_empty_space height=&#8221;70px&#8221;][vc_column_text] Animaci\u00f3 [\/vc_column_text][vc_empty_space height=&#8221;30px&#8221;][\/vc_column][\/vc_row][vc_row css=&#8221;.vc_custom_1695710494616{padding-top: 100px !important;padding-bottom: 100px !important;}&#8221;][vc_column width=&#8221;1\/2&#8243;][vc_gallery type=&#8221;flexslider_slide&#8221; interval=&#8221;0&#8243; images=&#8221;1190,1192,1191&#8243; [\u2026]\" \/>\n<meta property=\"og:url\" content=\"https:\/\/alcalordelaspalabras.es\/ca\/animacion\/\" \/>\n<meta property=\"og:site_name\" content=\"Vicente Cortes\" \/>\n<meta property=\"article:modified_time\" content=\"2023-09-26T06:43:46+00:00\" \/>\n<meta name=\"twitter:card\" content=\"summary_large_image\" \/>\n<meta name=\"twitter:label1\" content=\"Est. reading time\" \/>\n\t<meta name=\"twitter:data1\" content=\"3 minutes\" \/>\n<script type=\"application\/ld+json\" class=\"yoast-schema-graph\">{\"@context\":\"https:\/\/schema.org\",\"@graph\":[{\"@type\":\"WebPage\",\"@id\":\"https:\/\/alcalordelaspalabras.es\/ca\/animacion\/\",\"url\":\"https:\/\/alcalordelaspalabras.es\/ca\/animacion\/\",\"name\":\"Animaci\u00f3n - Vicente Cortes\",\"isPartOf\":{\"@id\":\"https:\/\/alcalordelaspalabras.es\/#website\"},\"datePublished\":\"2016-01-25T09:36:36+00:00\",\"dateModified\":\"2023-09-26T06:43:46+00:00\",\"breadcrumb\":{\"@id\":\"https:\/\/alcalordelaspalabras.es\/ca\/animacion\/#breadcrumb\"},\"inLanguage\":\"va\",\"potentialAction\":[{\"@type\":\"ReadAction\",\"target\":[\"https:\/\/alcalordelaspalabras.es\/ca\/animacion\/\"]}]},{\"@type\":\"BreadcrumbList\",\"@id\":\"https:\/\/alcalordelaspalabras.es\/ca\/animacion\/#breadcrumb\",\"itemListElement\":[{\"@type\":\"ListItem\",\"position\":1,\"name\":\"Portada\",\"item\":\"https:\/\/alcalordelaspalabras.es\/ca\/\"},{\"@type\":\"ListItem\",\"position\":2,\"name\":\"Animaci\u00f3n\"}]},{\"@type\":\"WebSite\",\"@id\":\"https:\/\/alcalordelaspalabras.es\/#website\",\"url\":\"https:\/\/alcalordelaspalabras.es\/\",\"name\":\"Vicente Cortes\",\"description\":\"Vividor del Cuento\",\"potentialAction\":[{\"@type\":\"SearchAction\",\"target\":{\"@type\":\"EntryPoint\",\"urlTemplate\":\"https:\/\/alcalordelaspalabras.es\/?s={search_term_string}\"},\"query-input\":\"required name=search_term_string\"}],\"inLanguage\":\"va\"}]}<\/script>\n<!-- \/ Yoast SEO plugin. -->","yoast_head_json":{"title":"Animaci\u00f3n - Vicente Cortes","robots":{"index":"index","follow":"follow","max-snippet":"max-snippet:-1","max-image-preview":"max-image-preview:large","max-video-preview":"max-video-preview:-1"},"canonical":"https:\/\/alcalordelaspalabras.es\/ca\/animacion\/","og_locale":"en_US","og_type":"article","og_title":"Animaci\u00f3n - Vicente Cortes","og_description":"[vc_row full_width=&#8221;stretch_row&#8221; css=&#8221;.vc_custom_1530221078574{margin-top: -30px !important;background-image: url(https:\/\/alcalordelaspalabras.es\/images\/vicente-cortes-animacion.jpg?id=891) !important;background-position: center !important;background-repeat: no-repeat !important;background-size: cover !important;}&#8221;][vc_column][vc_empty_space height=&#8221;70px&#8221;][vc_column_text] Animaci\u00f3 [\/vc_column_text][vc_empty_space height=&#8221;30px&#8221;][\/vc_column][\/vc_row][vc_row css=&#8221;.vc_custom_1695710494616{padding-top: 100px !important;padding-bottom: 100px !important;}&#8221;][vc_column width=&#8221;1\/2&#8243;][vc_gallery type=&#8221;flexslider_slide&#8221; interval=&#8221;0&#8243; images=&#8221;1190,1192,1191&#8243; [\u2026]","og_url":"https:\/\/alcalordelaspalabras.es\/ca\/animacion\/","og_site_name":"Vicente Cortes","article_modified_time":"2023-09-26T06:43:46+00:00","twitter_card":"summary_large_image","twitter_misc":{"Est. reading time":"3 minutes"},"schema":{"@context":"https:\/\/schema.org","@graph":[{"@type":"WebPage","@id":"https:\/\/alcalordelaspalabras.es\/ca\/animacion\/","url":"https:\/\/alcalordelaspalabras.es\/ca\/animacion\/","name":"Animaci\u00f3n - Vicente Cortes","isPartOf":{"@id":"https:\/\/alcalordelaspalabras.es\/#website"},"datePublished":"2016-01-25T09:36:36+00:00","dateModified":"2023-09-26T06:43:46+00:00","breadcrumb":{"@id":"https:\/\/alcalordelaspalabras.es\/ca\/animacion\/#breadcrumb"},"inLanguage":"va","potentialAction":[{"@type":"ReadAction","target":["https:\/\/alcalordelaspalabras.es\/ca\/animacion\/"]}]},{"@type":"BreadcrumbList","@id":"https:\/\/alcalordelaspalabras.es\/ca\/animacion\/#breadcrumb","itemListElement":[{"@type":"ListItem","position":1,"name":"Portada","item":"https:\/\/alcalordelaspalabras.es\/ca\/"},{"@type":"ListItem","position":2,"name":"Animaci\u00f3n"}]},{"@type":"WebSite","@id":"https:\/\/alcalordelaspalabras.es\/#website","url":"https:\/\/alcalordelaspalabras.es\/","name":"Vicente Cortes","description":"Vividor del Cuento","potentialAction":[{"@type":"SearchAction","target":{"@type":"EntryPoint","urlTemplate":"https:\/\/alcalordelaspalabras.es\/?s={search_term_string}"},"query-input":"required name=search_term_string"}],"inLanguage":"va"}]}},"_links":{"self":[{"href":"https:\/\/alcalordelaspalabras.es\/ca\/wp-json\/wp\/v2\/pages\/1305"}],"collection":[{"href":"https:\/\/alcalordelaspalabras.es\/ca\/wp-json\/wp\/v2\/pages"}],"about":[{"href":"https:\/\/alcalordelaspalabras.es\/ca\/wp-json\/wp\/v2\/types\/page"}],"author":[{"embeddable":true,"href":"https:\/\/alcalordelaspalabras.es\/ca\/wp-json\/wp\/v2\/users\/1"}],"replies":[{"embeddable":true,"href":"https:\/\/alcalordelaspalabras.es\/ca\/wp-json\/wp\/v2\/comments?post=1305"}],"version-history":[{"count":37,"href":"https:\/\/alcalordelaspalabras.es\/ca\/wp-json\/wp\/v2\/pages\/1305\/revisions"}],"predecessor-version":[{"id":2116,"href":"https:\/\/alcalordelaspalabras.es\/ca\/wp-json\/wp\/v2\/pages\/1305\/revisions\/2116"}],"wp:attachment":[{"href":"https:\/\/alcalordelaspalabras.es\/ca\/wp-json\/wp\/v2\/media?parent=1305"}],"curies":[{"name":"wp","href":"https:\/\/api.w.org\/{rel}","templated":true}]}}