{"id":1308,"date":"2016-01-25T01:02:51","date_gmt":"2016-01-25T01:02:51","guid":{"rendered":"http:\/\/alcalordelaspalabras.es\/contacto\/?lang=ca"},"modified":"2021-09-15T13:35:52","modified_gmt":"2021-09-15T13:35:52","slug":"contacto","status":"publish","type":"page","link":"https:\/\/alcalordelaspalabras.es\/ca\/contacto\/","title":{"rendered":"Contacto"},"content":{"rendered":"<p>[vc_row full_width=&#8221;stretch_row&#8221; css=&#8221;.vc_custom_1631712903402{margin-top: -30px !important;background-image: url(https:\/\/alcalordelaspalabras.es\/images\/contancto-vicente-cortes.jpg?id=1690) !important;background-position: center !important;background-repeat: no-repeat !important;background-size: cover !important;}&#8221;][vc_column width=&#8221;1\/6&#8243;][\/vc_column][vc_column width=&#8221;2\/3&#8243;][vc_empty_space height=&#8221;70px&#8221;][vc_column_text]<\/p>\n<h1 style=\"text-align: center;\"><span style=\"color: #ffffff;\">Contacte<\/span><\/h1>\n<h4 style=\"text-align: center;\"><span style=\"color: #ffffff;\">\u201cViatge per a arribar a col\u00b7legis, biblioteques, teatros,\u2026 etc. que confien en la diversitat i qualitat de les meues propostes.\u201d<\/span><\/h4>\n<p>[\/vc_column_text][vc_empty_space height=&#8221;30px&#8221;][\/vc_column][vc_column width=&#8221;1\/6&#8243;][\/vc_column][\/vc_row][vc_row full_width=&#8221;stretch_row_content_no_spaces&#8221; equal_height=&#8221;yes&#8221; css=&#8221;.vc_custom_1631712949235{background-color: #ffffff !important;}&#8221;][vc_column width=&#8221;1\/2&#8243;][vc_row_inner css=&#8221;.vc_custom_1530659971809{padding-right: 5% !important;}&#8221;][vc_column_inner width=&#8221;1\/6&#8243;][\/vc_column_inner][vc_column_inner width=&#8221;5\/6&#8243;][vc_empty_space height=&#8221;10px&#8221;][vc_column_text css=&#8221;.vc_custom_1530262308520{margin-bottom: 5px !important;}&#8221;]<img loading=\"lazy\" decoding=\"async\" class=\"alignnone size-full wp-image-50\" src=\"\/images\/telefono.png\" alt=\"telephone46 (1)\" width=\"16\" height=\"16\" \/>\u00a0 \u00a0 \u00a0<strong><span style=\"font-size: 20px;\">\u00a0+34 963 95 38 66<\/span><\/strong>[\/vc_column_text][vc_column_text css=&#8221;.vc_custom_1530262318669{margin-bottom: 5px !important;}&#8221;]<img loading=\"lazy\" decoding=\"async\" class=\"alignnone size-full wp-image-50\" src=\"\/images\/whatsapp.png\" alt=\"telephone46 (1)\" width=\"16\" height=\"16\" \/>\u00a0 \u00a0 \u00a0<span style=\"font-size: 20px;\">\u00a0+34 607 11 66 91<\/span>[\/vc_column_text][vc_column_text css=&#8221;.vc_custom_1460067127078{margin-bottom: 5px !important;}&#8221;]<img loading=\"lazy\" decoding=\"async\" class=\"alignnone size-full wp-image-50\" src=\"\/images\/mail.png\" alt=\"telephone46 (1)\" width=\"16\" height=\"16\" \/>\u00a0 \u00a0 \u00a0<span style=\"font-size: 14px;\">vcortes@alcalordelaspalabras.es<\/span>[\/vc_column_text][vc_empty_space height=&#8221;10px&#8221;][vc_column_text css=&#8221;.vc_custom_1530659873044{margin-bottom: 5px !important;}&#8221;]<\/p>\n<h4>Envia\u2019m un missatge<\/h4>\n<p>[\/vc_column_text]<div role=\"form\" class=\"wpcf7\" id=\"wpcf7-f134-o1\" lang=\"es-ES\" dir=\"ltr\">\n<div class=\"screen-reader-response\"><p role=\"status\" aria-live=\"polite\" aria-atomic=\"true\"><\/p> <ul><\/ul><\/div>\n<form action=\"\/ca\/wp-json\/wp\/v2\/pages\/1308#wpcf7-f134-o1\" method=\"post\" class=\"wpcf7-form init\" novalidate=\"novalidate\" data-status=\"init\">\n<div style=\"display: none;\">\n<input type=\"hidden\" name=\"_wpcf7\" value=\"134\" \/>\n<input type=\"hidden\" name=\"_wpcf7_version\" value=\"5.6.2\" \/>\n<input type=\"hidden\" name=\"_wpcf7_locale\" value=\"es_ES\" \/>\n<input type=\"hidden\" name=\"_wpcf7_unit_tag\" value=\"wpcf7-f134-o1\" \/>\n<input type=\"hidden\" name=\"_wpcf7_container_post\" value=\"0\" \/>\n<input type=\"hidden\" name=\"_wpcf7_posted_data_hash\" value=\"\" \/>\n<\/div>\n<div class=\"column one-second\"><span class=\"wpcf7-form-control-wrap\" data-name=\"your-name\"><input type=\"text\" name=\"your-name\" value=\"\" size=\"40\" class=\"wpcf7-form-control wpcf7-text wpcf7-validates-as-required\" aria-required=\"true\" aria-invalid=\"false\" placeholder=\"Nombre\" \/><\/span> <\/div>\n<div class=\"column one-second\"><span class=\"wpcf7-form-control-wrap\" data-name=\"your-email\"><input type=\"email\" name=\"your-email\" value=\"\" size=\"40\" class=\"wpcf7-form-control wpcf7-text wpcf7-email wpcf7-validates-as-email\" aria-invalid=\"false\" placeholder=\"Correo electr\u00f3nico\" \/><\/span> <\/div>\n<div class=\"column one-second\"><span class=\"wpcf7-form-control-wrap\" data-name=\"your-tel\"><input type=\"tel\" name=\"your-tel\" value=\"\" size=\"40\" class=\"wpcf7-form-control wpcf7-text wpcf7-tel wpcf7-validates-as-tel\" aria-invalid=\"false\" placeholder=\"Tel\u00e9fono\" \/><\/span> <\/div>\n<div class=\"column one-second\"><span class=\"wpcf7-form-control-wrap\" data-name=\"your-subject\"><input type=\"text\" name=\"your-subject\" value=\"\" size=\"40\" class=\"wpcf7-form-control wpcf7-text\" aria-invalid=\"false\" placeholder=\"Asunto\" \/><\/span> <\/div>\n<div class=\"column one\"><span class=\"wpcf7-form-control-wrap\" data-name=\"your-message\"><textarea name=\"your-message\" cols=\"40\" rows=\"5\" class=\"wpcf7-form-control wpcf7-textarea\" aria-invalid=\"false\" placeholder=\"Mensaje\"><\/textarea><\/span><\/div>\n<div class=\"column one\"><input type=\"submit\" value=\"Enviar mensaje\" class=\"wpcf7-form-control has-spinner wpcf7-submit\" \/><\/div>\n<p><span class=\"wpcf7-form-control-wrap\" data-name=\"acceptance-407\"><span class=\"wpcf7-form-control wpcf7-acceptance\"><span class=\"wpcf7-list-item\"><label><input type=\"checkbox\" name=\"acceptance-407\" value=\"1\" aria-invalid=\"false\" \/><span class=\"wpcf7-list-item-label\">He le\u00eddo y acepto las condiciones de la <a href=\"https:\/\/alcalordelaspalabras.es\/politica-de-privacidad\/\" target=\"_blank\" rel=\"noopener\">pol\u00edtica de privacidad<\/a><\/span><\/label><\/span><\/span><\/span><\/p>\n<div class=\"wpcf7-response-output\" aria-hidden=\"true\"><\/div><\/form><\/div>[vc_column_text css=&#8221;.vc_custom_1530659899555{margin-bottom: 5px !important;}&#8221;]<\/p>\n<p style=\"font-size: 12px;\">Vicent Cort\u00e9s G\u00e1miz t\u2019informa que les dades de car\u00e0cter personal que em proporciones omplint el present formulari seran tractades per mi com a responsable d\u2019aquesta web.<br \/>\nLa finalitat de la recollida i tractament de les dades personals que et sol\u00b7licito \u00e9s per gestionar la sol\u00b7licitud que realitzes en aquest formulari de contacte.<br \/>\nLegitimaci\u00f3: Consentiment de l\u2019interessat.<br \/>\nCom a usuari i interessat t\u2019informo que les dades que em facilites estaran ubicats en els servidors de Raiola Networks, prove\u00efdor de hosting de alcalordelaspalabras.es, els servidors estan dins de la UE i compleixen amb el RGPD (consulta la seua <a href=\"https:\/\/raiolanetworks.es\/politica-de-privacidad\/\" target=\"_blank\" rel=\"noopener noreferrer\">Pol\u00edtica de Privacitat<\/a>).<br \/>\nEl fet que no introdueixis les dades de car\u00e0cter personal que apareixen al formulari com a obligatoris podr\u00e0 tenir com a conseq\u00fc\u00e8ncia que no atendre pugui la teva sol\u00b7licitud.<br \/>\nPodr\u00e0s exercir els teus drets d\u2019acc\u00e9s, rectificaci\u00f3, limitaci\u00f3 i suprimir les dades en vcortes@alcalordelaspalabras.es aix\u00ed com el dret a presentar una reclamaci\u00f3 davant d\u2019una autoritat de control.<br \/>\nPots consultar la informaci\u00f3 addicional i detallada sobre Protecci\u00f3 de Dades a la p\u00e0gina web: https:\/\/alcalordelaspalabras.es, aix\u00ed com consultar <a href=\"https:\/\/alcalordelaspalabras.es\/politica-de-privacidad\/\">la meua Pol\u00edtica de Privacitat<\/a>.<\/p>\n<p>[\/vc_column_text][\/vc_column_inner][\/vc_row_inner][\/vc_column][vc_column width=&#8221;1\/2&#8243; css=&#8221;.vc_custom_1631712944386{background: #000000 url(https:\/\/alcalordelaspalabras.es\/images\/contacto-1.jpg?id=1955) !important;background-position: center !important;background-repeat: no-repeat !important;background-size: cover !important;}&#8221;][vc_empty_space height=&#8221;500px&#8221;][\/vc_column][\/vc_row]<\/p>\n","protected":false},"excerpt":{"rendered":"<p>[vc_row full_width=&#8221;stretch_row&#8221; css=&#8221;.vc_custom_1631712903402{margin-top: -30px !important;background-image: url(https:\/\/alcalordelaspalabras.es\/images\/contancto-vicente-cortes.jpg?id=1690) !important;background-position: center !important;background-repeat: no-repeat !important;background-size: cover !important;}&#8221;][vc_column width=&#8221;1\/6&#8243;][\/vc_column][vc_column width=&#8221;2\/3&#8243;][vc_empty_space height=&#8221;70px&#8221;][vc_column_text] Contacte \u201cViatge per a arribar a col\u00b7legis, biblioteques, teatros,\u2026 etc.<span class=\"excerpt-hellip\"> [\u2026]<\/span><\/p>\n","protected":false},"author":1,"featured_media":0,"parent":0,"menu_order":0,"comment_status":"closed","ping_status":"closed","template":"","meta":{"footnotes":""},"yoast_head":"<!-- This site is optimized with the Yoast SEO plugin v22.7 - https:\/\/yoast.com\/wordpress\/plugins\/seo\/ -->\n<title>Contacto - Vicente Cortes<\/title>\n<meta name=\"robots\" content=\"index, follow, max-snippet:-1, max-image-preview:large, max-video-preview:-1\" \/>\n<link rel=\"canonical\" href=\"https:\/\/alcalordelaspalabras.es\/ca\/contacto\/\" \/>\n<meta property=\"og:locale\" content=\"en_US\" \/>\n<meta property=\"og:type\" content=\"article\" \/>\n<meta property=\"og:title\" content=\"Contacto - Vicente Cortes\" \/>\n<meta property=\"og:description\" content=\"[vc_row full_width=&#8221;stretch_row&#8221; css=&#8221;.vc_custom_1631712903402{margin-top: -30px !important;background-image: url(https:\/\/alcalordelaspalabras.es\/images\/contancto-vicente-cortes.jpg?id=1690) !important;background-position: center !important;background-repeat: no-repeat !important;background-size: cover !important;}&#8221;][vc_column width=&#8221;1\/6&#8243;][\/vc_column][vc_column width=&#8221;2\/3&#8243;][vc_empty_space height=&#8221;70px&#8221;][vc_column_text] Contacte \u201cViatge per a arribar a col\u00b7legis, biblioteques, teatros,\u2026 etc. [\u2026]\" \/>\n<meta property=\"og:url\" content=\"https:\/\/alcalordelaspalabras.es\/ca\/contacto\/\" \/>\n<meta property=\"og:site_name\" content=\"Vicente Cortes\" \/>\n<meta property=\"article:modified_time\" content=\"2021-09-15T13:35:52+00:00\" \/>\n<meta name=\"twitter:card\" content=\"summary_large_image\" \/>\n<meta name=\"twitter:label1\" content=\"Est. reading time\" \/>\n\t<meta name=\"twitter:data1\" content=\"2 minutes\" \/>\n<script type=\"application\/ld+json\" class=\"yoast-schema-graph\">{\"@context\":\"https:\/\/schema.org\",\"@graph\":[{\"@type\":\"WebPage\",\"@id\":\"https:\/\/alcalordelaspalabras.es\/ca\/contacto\/\",\"url\":\"https:\/\/alcalordelaspalabras.es\/ca\/contacto\/\",\"name\":\"Contacto - Vicente Cortes\",\"isPartOf\":{\"@id\":\"https:\/\/alcalordelaspalabras.es\/#website\"},\"datePublished\":\"2016-01-25T01:02:51+00:00\",\"dateModified\":\"2021-09-15T13:35:52+00:00\",\"breadcrumb\":{\"@id\":\"https:\/\/alcalordelaspalabras.es\/ca\/contacto\/#breadcrumb\"},\"inLanguage\":\"va\",\"potentialAction\":[{\"@type\":\"ReadAction\",\"target\":[\"https:\/\/alcalordelaspalabras.es\/ca\/contacto\/\"]}]},{\"@type\":\"BreadcrumbList\",\"@id\":\"https:\/\/alcalordelaspalabras.es\/ca\/contacto\/#breadcrumb\",\"itemListElement\":[{\"@type\":\"ListItem\",\"position\":1,\"name\":\"Portada\",\"item\":\"https:\/\/alcalordelaspalabras.es\/ca\/\"},{\"@type\":\"ListItem\",\"position\":2,\"name\":\"Contacto\"}]},{\"@type\":\"WebSite\",\"@id\":\"https:\/\/alcalordelaspalabras.es\/#website\",\"url\":\"https:\/\/alcalordelaspalabras.es\/\",\"name\":\"Vicente Cortes\",\"description\":\"Vividor del Cuento\",\"potentialAction\":[{\"@type\":\"SearchAction\",\"target\":{\"@type\":\"EntryPoint\",\"urlTemplate\":\"https:\/\/alcalordelaspalabras.es\/?s={search_term_string}\"},\"query-input\":\"required name=search_term_string\"}],\"inLanguage\":\"va\"}]}<\/script>\n<!-- \/ Yoast SEO plugin. -->","yoast_head_json":{"title":"Contacto - Vicente Cortes","robots":{"index":"index","follow":"follow","max-snippet":"max-snippet:-1","max-image-preview":"max-image-preview:large","max-video-preview":"max-video-preview:-1"},"canonical":"https:\/\/alcalordelaspalabras.es\/ca\/contacto\/","og_locale":"en_US","og_type":"article","og_title":"Contacto - Vicente Cortes","og_description":"[vc_row full_width=&#8221;stretch_row&#8221; css=&#8221;.vc_custom_1631712903402{margin-top: -30px !important;background-image: url(https:\/\/alcalordelaspalabras.es\/images\/contancto-vicente-cortes.jpg?id=1690) !important;background-position: center !important;background-repeat: no-repeat !important;background-size: cover !important;}&#8221;][vc_column width=&#8221;1\/6&#8243;][\/vc_column][vc_column width=&#8221;2\/3&#8243;][vc_empty_space height=&#8221;70px&#8221;][vc_column_text] Contacte \u201cViatge per a arribar a col\u00b7legis, biblioteques, teatros,\u2026 etc. [\u2026]","og_url":"https:\/\/alcalordelaspalabras.es\/ca\/contacto\/","og_site_name":"Vicente Cortes","article_modified_time":"2021-09-15T13:35:52+00:00","twitter_card":"summary_large_image","twitter_misc":{"Est. reading time":"2 minutes"},"schema":{"@context":"https:\/\/schema.org","@graph":[{"@type":"WebPage","@id":"https:\/\/alcalordelaspalabras.es\/ca\/contacto\/","url":"https:\/\/alcalordelaspalabras.es\/ca\/contacto\/","name":"Contacto - Vicente Cortes","isPartOf":{"@id":"https:\/\/alcalordelaspalabras.es\/#website"},"datePublished":"2016-01-25T01:02:51+00:00","dateModified":"2021-09-15T13:35:52+00:00","breadcrumb":{"@id":"https:\/\/alcalordelaspalabras.es\/ca\/contacto\/#breadcrumb"},"inLanguage":"va","potentialAction":[{"@type":"ReadAction","target":["https:\/\/alcalordelaspalabras.es\/ca\/contacto\/"]}]},{"@type":"BreadcrumbList","@id":"https:\/\/alcalordelaspalabras.es\/ca\/contacto\/#breadcrumb","itemListElement":[{"@type":"ListItem","position":1,"name":"Portada","item":"https:\/\/alcalordelaspalabras.es\/ca\/"},{"@type":"ListItem","position":2,"name":"Contacto"}]},{"@type":"WebSite","@id":"https:\/\/alcalordelaspalabras.es\/#website","url":"https:\/\/alcalordelaspalabras.es\/","name":"Vicente Cortes","description":"Vividor del Cuento","potentialAction":[{"@type":"SearchAction","target":{"@type":"EntryPoint","urlTemplate":"https:\/\/alcalordelaspalabras.es\/?s={search_term_string}"},"query-input":"required name=search_term_string"}],"inLanguage":"va"}]}},"_links":{"self":[{"href":"https:\/\/alcalordelaspalabras.es\/ca\/wp-json\/wp\/v2\/pages\/1308"}],"collection":[{"href":"https:\/\/alcalordelaspalabras.es\/ca\/wp-json\/wp\/v2\/pages"}],"about":[{"href":"https:\/\/alcalordelaspalabras.es\/ca\/wp-json\/wp\/v2\/types\/page"}],"author":[{"embeddable":true,"href":"https:\/\/alcalordelaspalabras.es\/ca\/wp-json\/wp\/v2\/users\/1"}],"replies":[{"embeddable":true,"href":"https:\/\/alcalordelaspalabras.es\/ca\/wp-json\/wp\/v2\/comments?post=1308"}],"version-history":[{"count":20,"href":"https:\/\/alcalordelaspalabras.es\/ca\/wp-json\/wp\/v2\/pages\/1308\/revisions"}],"predecessor-version":[{"id":1973,"href":"https:\/\/alcalordelaspalabras.es\/ca\/wp-json\/wp\/v2\/pages\/1308\/revisions\/1973"}],"wp:attachment":[{"href":"https:\/\/alcalordelaspalabras.es\/ca\/wp-json\/wp\/v2\/media?parent=1308"}],"curies":[{"name":"wp","href":"https:\/\/api.w.org\/{rel}","templated":true}]}}