{"id":1309,"date":"2016-01-25T09:37:14","date_gmt":"2016-01-25T09:37:14","guid":{"rendered":"http:\/\/alcalordelaspalabras.es\/cuentacuentos\/?lang=ca"},"modified":"2024-05-16T18:00:19","modified_gmt":"2024-05-16T18:00:19","slug":"cuentacuentos","status":"publish","type":"page","link":"https:\/\/alcalordelaspalabras.es\/ca\/cuentacuentos\/","title":{"rendered":"Cuentacuentos"},"content":{"rendered":"<p>[vc_row full_width=&#8221;stretch_row&#8221; css=&#8221;.vc_custom_1631215724365{margin-top: -30px !important;background-image: url(https:\/\/alcalordelaspalabras.es\/images\/vicente-cortes-cuentacuentos.jpg?id=876) !important;background-position: center !important;background-repeat: no-repeat !important;background-size: cover !important;}&#8221;][vc_column width=&#8221;1\/6&#8243;][\/vc_column][vc_column width=&#8221;2\/3&#8243;][vc_empty_space height=&#8221;70px&#8221;][vc_column_text]<\/p>\n<h1 style=\"text-align: center;\"><span style=\"color: #ffffff;\">Contacontes<\/span><\/h1>\n<p>[\/vc_column_text][vc_empty_space height=&#8221;30px&#8221;][\/vc_column][vc_column width=&#8221;1\/6&#8243;][\/vc_column][\/vc_row][vc_row full_width=&#8221;stretch_row&#8221; css=&#8221;.vc_custom_1459477914129{background-color: #008a94 !important;}&#8221;][vc_column width=&#8221;1\/2&#8243;][vc_gallery type=&#8221;flexslider_slide&#8221; interval=&#8221;0&#8243; images=&#8221;686,1165,1164,1166&#8243; img_size=&#8221;full&#8221; onclick=&#8221;&#8221;][\/vc_column][vc_column width=&#8221;1\/2&#8243;][vc_column_text]<\/p>\n<h4><span style=\"color: #ffffff;\">\u201cEls contes pasan de boca a orella i diuen, des de fa molt de temps, all\u00f2 que cap altra cosa pot dir\u201d.<span style=\"font-size: 12px;\"><em style=\"line-height: 1.5;\">(Jean Claude Carri\u00e8re)<\/em><\/span><\/span><\/h4>\n<p><span style=\"color: #ffffff;\">Sempre va b\u00e9 que ens facen riure i pensar amb festives paraules c\u00f2miques.Este divertit i variat espectacle de contes, can\u00e7ons, manipulaci\u00f3 objectes, titelles i altres oralitats ludic-festives, ens ajuda a recordar que no sols de pa viu l\u2019home.<\/span><span style=\"color: #ffffff;\"><strong>Et vas a perdre aquest Fest\u00ed?<\/strong><\/span><br \/>\n<span style=\"color: #ffffff;\">Espectacle de butxaca adaptable en el temps i l\u00b4espai. Existeix versi\u00f3 associada a festins per a gaudir \u201cen familia\u201d(aniversari, onom\u00e0stiques, sopars, berenars, Nadal, Reis, etc\u2026) o per a \u201cobrir boca\u201d a esdeveniments de qualsevol tipus<\/span><\/p>\n<p><span style=\"color: #ffffff;\"><strong>M\u00e9s dades:<\/strong><\/span><\/p>\n<ul>\n<li><span style=\"color: #ffffff;\">Duraci\u00f3: 50 minuts<\/span><\/li>\n<li><span style=\"color: #ffffff;\">Dirigit a public: Infantil 6 a 12 anys i Adult<\/span><\/li>\n<\/ul>\n<p>[\/vc_column_text][\/vc_column][\/vc_row][vc_row full_width=&#8221;stretch_row&#8221; css=&#8221;.vc_custom_1459478214680{margin-bottom: 0px !important;background-color: #f5f5f5 !important;}&#8221;][vc_column width=&#8221;1\/2&#8243; css=&#8221;.vc_custom_1459970702895{margin-bottom: -50px !important;}&#8221;][vc_empty_space height=&#8221;20px&#8221;][vc_gallery type=&#8221;flexslider_slide&#8221; interval=&#8221;0&#8243; images=&#8221;1278,1285,1286,1284,1724&#8243; img_size=&#8221;full&#8221; onclick=&#8221;&#8221;][vc_empty_space height=&#8221;20px&#8221;][\/vc_column][vc_column width=&#8221;1\/2&#8243;][vc_empty_space height=&#8221;70px&#8221;][vc_column_text]<\/p>\n<h4>\u201cLes mans de la meua iaia, merenga i caramel. Les mans de la meua iaia unes mans de conte\u2026\u201d.<span style=\"font-size: 12px;\"><em style=\"line-height: 1.5;\">(Celia Vi\u00f1as)<\/em><\/span><\/h4>\n<p>UUn divertit \u201cmanoll\u201d de contes, poemes, can\u00e7ons i jocs orals amb, de, per, sense, sobre\u2026mans.<br \/>\nIdeat per recrear,\u00a0emocionar i alegrar l\u00b4o\u00efda, l\u00b4ull i les mans de l\u00b4oient tot est\u00e1 \u201cfet a man\u201d i \u201camb bones mans\u201d.<\/p>\n<p><strong>M\u00e9s dades:<\/strong><\/p>\n<ul>\n<li>Duraci\u00f3: 50 min.<\/li>\n<li>Dirigit a p\u00fablic: Infantil 2 a 6 anys i Familiar<\/li>\n<\/ul>\n<p>[\/vc_column_text][\/vc_column][\/vc_row][vc_row][vc_column width=&#8221;1\/2&#8243;][vc_gallery type=&#8221;flexslider_slide&#8221; interval=&#8221;0&#8243; images=&#8221;1992,1986,1988,1990,1994,1996&#8243; img_size=&#8221;full&#8221; onclick=&#8221;&#8221;][\/vc_column][vc_column width=&#8221;1\/2&#8243;][vc_custom_heading text=&#8221;Aix\u00f2 Era i No Era&#8221; font_container=&#8221;tag:h1|font_size:40|text_align:left|color:%23b70000&#8243; google_fonts=&#8221;font_family:Lobster%3Aregular|font_style:400%20regular%3A400%3Anormal&#8221;][vc_column_text]<\/p>\n<h4>\u201cUn conte es un divertiment, una evasi\u00f3, i quand \u00e9s h\u00e0bil ens recondueix a eixe mon del qual creiem haver-nos lliurat\u201d. \u00a0<span style=\"font-size: 12px;\"><em style=\"line-height: 1.5;\"><br \/>\n(Jean Claude Carri\u00e8re)<\/em><\/span><\/h4>\n<p>Sessi\u00f3 de contacontes per celebrar la cultura valenciana, especialment el Dia 9 d\u00b4Octubre o el Dia del Llibre Valenci\u00e0, amb les narracions de les rondalles de Enric Valor (Mig pollaste, Nabet, I queixalets tamb\u00e9!, El dimoni fumador i L\u00b4amor de les tres taronges), el roman\u00e7 tradicional recollit pel castellonenc \u00c0lvar Monferrer (Les transformacions) expressat per mig de titelles; i el cant de les can\u00e7ons populars valencianes (La lluna la pruna, All\u00e0 baix del riu, En Joan Petit, En Pepet el verduler) que es podr\u00e1n ballar en un espai adient.<br \/>\nAl finalitzar cada narraci\u00f3 o cada can\u00e7\u00f3 es presentar\u00e1n els llibres fonts de informaci\u00f3 de cadascu dels materials orals tractats<\/p>\n<p><strong>M\u00e9s dades:<\/strong><\/p>\n<ul>\n<li>Durada: 50 minuts<\/li>\n<li>P\u00fablic: Infantil i familiar<\/li>\n<li>Idioma: Valenci\u00e0 i Castell\u00e0<\/li>\n<\/ul>\n<p>[\/vc_column_text][\/vc_column][\/vc_row][vc_row full_width=&#8221;stretch_row&#8221; css=&#8221;.vc_custom_1661449994861{background-color: #fcfcfc !important;}&#8221;][vc_column width=&#8221;1\/6&#8243;][\/vc_column][vc_column width=&#8221;2\/3&#8243;][vc_custom_heading text=&#8221;Projectes de contacontes&#8221; font_container=&#8221;tag:h1|font_size:40|text_align:center|color:%23b70000&#8243; google_fonts=&#8221;font_family:Lobster%3Aregular|font_style:400%20regular%3A400%3Anormal&#8221;][vc_column_text css=&#8221;.vc_custom_1712299989805{padding-top: 2vh !important;}&#8221;]<\/p>\n<h4 style=\"text-align: center;\">\u201cLO CORT\u00c9S NO QUITA LO VICENTE\u201d (ADULTS)<\/h4>\n<p style=\"text-align: center;\"><strong>Data prevista d\u00b4estrena: Decembre 2024<\/strong><\/p>\n<p>[\/vc_column_text][\/vc_column][vc_column width=&#8221;1\/6&#8243;][\/vc_column][\/vc_row]<\/p>\n","protected":false},"excerpt":{"rendered":"<p>[vc_row full_width=&#8221;stretch_row&#8221; css=&#8221;.vc_custom_1631215724365{margin-top: -30px !important;background-image: url(https:\/\/alcalordelaspalabras.es\/images\/vicente-cortes-cuentacuentos.jpg?id=876) !important;background-position: center !important;background-repeat: no-repeat !important;background-size: cover !important;}&#8221;][vc_column width=&#8221;1\/6&#8243;][\/vc_column][vc_column width=&#8221;2\/3&#8243;][vc_empty_space height=&#8221;70px&#8221;][vc_column_text] Contacontes [\/vc_column_text][vc_empty_space height=&#8221;30px&#8221;][\/vc_column][vc_column width=&#8221;1\/6&#8243;][\/vc_column][\/vc_row][vc_row full_width=&#8221;stretch_row&#8221; css=&#8221;.vc_custom_1459477914129{background-color: #008a94 !important;}&#8221;][vc_column width=&#8221;1\/2&#8243;][vc_gallery type=&#8221;flexslider_slide&#8221;<span class=\"excerpt-hellip\"> [\u2026]<\/span><\/p>\n","protected":false},"author":1,"featured_media":0,"parent":0,"menu_order":0,"comment_status":"closed","ping_status":"closed","template":"","meta":{"footnotes":""},"yoast_head":"<!-- This site is optimized with the Yoast SEO plugin v22.7 - https:\/\/yoast.com\/wordpress\/plugins\/seo\/ -->\n<title>Cuentacuentos - Vicente Cortes<\/title>\n<meta name=\"robots\" content=\"index, follow, max-snippet:-1, max-image-preview:large, max-video-preview:-1\" \/>\n<link rel=\"canonical\" href=\"https:\/\/alcalordelaspalabras.es\/ca\/cuentacuentos\/\" \/>\n<meta property=\"og:locale\" content=\"en_US\" \/>\n<meta property=\"og:type\" content=\"article\" \/>\n<meta property=\"og:title\" content=\"Cuentacuentos - Vicente Cortes\" \/>\n<meta property=\"og:description\" content=\"[vc_row full_width=&#8221;stretch_row&#8221; css=&#8221;.vc_custom_1631215724365{margin-top: -30px !important;background-image: url(https:\/\/alcalordelaspalabras.es\/images\/vicente-cortes-cuentacuentos.jpg?id=876) !important;background-position: center !important;background-repeat: no-repeat !important;background-size: cover !important;}&#8221;][vc_column width=&#8221;1\/6&#8243;][\/vc_column][vc_column width=&#8221;2\/3&#8243;][vc_empty_space height=&#8221;70px&#8221;][vc_column_text] Contacontes [\/vc_column_text][vc_empty_space height=&#8221;30px&#8221;][\/vc_column][vc_column width=&#8221;1\/6&#8243;][\/vc_column][\/vc_row][vc_row full_width=&#8221;stretch_row&#8221; css=&#8221;.vc_custom_1459477914129{background-color: #008a94 !important;}&#8221;][vc_column width=&#8221;1\/2&#8243;][vc_gallery type=&#8221;flexslider_slide&#8221; [\u2026]\" \/>\n<meta property=\"og:url\" content=\"https:\/\/alcalordelaspalabras.es\/ca\/cuentacuentos\/\" \/>\n<meta property=\"og:site_name\" content=\"Vicente Cortes\" \/>\n<meta property=\"article:modified_time\" content=\"2024-05-16T18:00:19+00:00\" \/>\n<meta name=\"twitter:card\" content=\"summary_large_image\" \/>\n<meta name=\"twitter:label1\" content=\"Est. reading time\" \/>\n\t<meta name=\"twitter:data1\" content=\"2 minutes\" \/>\n<script type=\"application\/ld+json\" class=\"yoast-schema-graph\">{\"@context\":\"https:\/\/schema.org\",\"@graph\":[{\"@type\":\"WebPage\",\"@id\":\"https:\/\/alcalordelaspalabras.es\/ca\/cuentacuentos\/\",\"url\":\"https:\/\/alcalordelaspalabras.es\/ca\/cuentacuentos\/\",\"name\":\"Cuentacuentos - Vicente Cortes\",\"isPartOf\":{\"@id\":\"https:\/\/alcalordelaspalabras.es\/#website\"},\"datePublished\":\"2016-01-25T09:37:14+00:00\",\"dateModified\":\"2024-05-16T18:00:19+00:00\",\"breadcrumb\":{\"@id\":\"https:\/\/alcalordelaspalabras.es\/ca\/cuentacuentos\/#breadcrumb\"},\"inLanguage\":\"va\",\"potentialAction\":[{\"@type\":\"ReadAction\",\"target\":[\"https:\/\/alcalordelaspalabras.es\/ca\/cuentacuentos\/\"]}]},{\"@type\":\"BreadcrumbList\",\"@id\":\"https:\/\/alcalordelaspalabras.es\/ca\/cuentacuentos\/#breadcrumb\",\"itemListElement\":[{\"@type\":\"ListItem\",\"position\":1,\"name\":\"Portada\",\"item\":\"https:\/\/alcalordelaspalabras.es\/ca\/\"},{\"@type\":\"ListItem\",\"position\":2,\"name\":\"Cuentacuentos\"}]},{\"@type\":\"WebSite\",\"@id\":\"https:\/\/alcalordelaspalabras.es\/#website\",\"url\":\"https:\/\/alcalordelaspalabras.es\/\",\"name\":\"Vicente Cortes\",\"description\":\"Vividor del Cuento\",\"potentialAction\":[{\"@type\":\"SearchAction\",\"target\":{\"@type\":\"EntryPoint\",\"urlTemplate\":\"https:\/\/alcalordelaspalabras.es\/?s={search_term_string}\"},\"query-input\":\"required name=search_term_string\"}],\"inLanguage\":\"va\"}]}<\/script>\n<!-- \/ Yoast SEO plugin. -->","yoast_head_json":{"title":"Cuentacuentos - Vicente Cortes","robots":{"index":"index","follow":"follow","max-snippet":"max-snippet:-1","max-image-preview":"max-image-preview:large","max-video-preview":"max-video-preview:-1"},"canonical":"https:\/\/alcalordelaspalabras.es\/ca\/cuentacuentos\/","og_locale":"en_US","og_type":"article","og_title":"Cuentacuentos - Vicente Cortes","og_description":"[vc_row full_width=&#8221;stretch_row&#8221; css=&#8221;.vc_custom_1631215724365{margin-top: -30px !important;background-image: url(https:\/\/alcalordelaspalabras.es\/images\/vicente-cortes-cuentacuentos.jpg?id=876) !important;background-position: center !important;background-repeat: no-repeat !important;background-size: cover !important;}&#8221;][vc_column width=&#8221;1\/6&#8243;][\/vc_column][vc_column width=&#8221;2\/3&#8243;][vc_empty_space height=&#8221;70px&#8221;][vc_column_text] Contacontes [\/vc_column_text][vc_empty_space height=&#8221;30px&#8221;][\/vc_column][vc_column width=&#8221;1\/6&#8243;][\/vc_column][\/vc_row][vc_row full_width=&#8221;stretch_row&#8221; css=&#8221;.vc_custom_1459477914129{background-color: #008a94 !important;}&#8221;][vc_column width=&#8221;1\/2&#8243;][vc_gallery type=&#8221;flexslider_slide&#8221; [\u2026]","og_url":"https:\/\/alcalordelaspalabras.es\/ca\/cuentacuentos\/","og_site_name":"Vicente Cortes","article_modified_time":"2024-05-16T18:00:19+00:00","twitter_card":"summary_large_image","twitter_misc":{"Est. reading time":"2 minutes"},"schema":{"@context":"https:\/\/schema.org","@graph":[{"@type":"WebPage","@id":"https:\/\/alcalordelaspalabras.es\/ca\/cuentacuentos\/","url":"https:\/\/alcalordelaspalabras.es\/ca\/cuentacuentos\/","name":"Cuentacuentos - Vicente Cortes","isPartOf":{"@id":"https:\/\/alcalordelaspalabras.es\/#website"},"datePublished":"2016-01-25T09:37:14+00:00","dateModified":"2024-05-16T18:00:19+00:00","breadcrumb":{"@id":"https:\/\/alcalordelaspalabras.es\/ca\/cuentacuentos\/#breadcrumb"},"inLanguage":"va","potentialAction":[{"@type":"ReadAction","target":["https:\/\/alcalordelaspalabras.es\/ca\/cuentacuentos\/"]}]},{"@type":"BreadcrumbList","@id":"https:\/\/alcalordelaspalabras.es\/ca\/cuentacuentos\/#breadcrumb","itemListElement":[{"@type":"ListItem","position":1,"name":"Portada","item":"https:\/\/alcalordelaspalabras.es\/ca\/"},{"@type":"ListItem","position":2,"name":"Cuentacuentos"}]},{"@type":"WebSite","@id":"https:\/\/alcalordelaspalabras.es\/#website","url":"https:\/\/alcalordelaspalabras.es\/","name":"Vicente Cortes","description":"Vividor del Cuento","potentialAction":[{"@type":"SearchAction","target":{"@type":"EntryPoint","urlTemplate":"https:\/\/alcalordelaspalabras.es\/?s={search_term_string}"},"query-input":"required name=search_term_string"}],"inLanguage":"va"}]}},"_links":{"self":[{"href":"https:\/\/alcalordelaspalabras.es\/ca\/wp-json\/wp\/v2\/pages\/1309"}],"collection":[{"href":"https:\/\/alcalordelaspalabras.es\/ca\/wp-json\/wp\/v2\/pages"}],"about":[{"href":"https:\/\/alcalordelaspalabras.es\/ca\/wp-json\/wp\/v2\/types\/page"}],"author":[{"embeddable":true,"href":"https:\/\/alcalordelaspalabras.es\/ca\/wp-json\/wp\/v2\/users\/1"}],"replies":[{"embeddable":true,"href":"https:\/\/alcalordelaspalabras.es\/ca\/wp-json\/wp\/v2\/comments?post=1309"}],"version-history":[{"count":37,"href":"https:\/\/alcalordelaspalabras.es\/ca\/wp-json\/wp\/v2\/pages\/1309\/revisions"}],"predecessor-version":[{"id":2154,"href":"https:\/\/alcalordelaspalabras.es\/ca\/wp-json\/wp\/v2\/pages\/1309\/revisions\/2154"}],"wp:attachment":[{"href":"https:\/\/alcalordelaspalabras.es\/ca\/wp-json\/wp\/v2\/media?parent=1309"}],"curies":[{"name":"wp","href":"https:\/\/api.w.org\/{rel}","templated":true}]}}