{"id":1310,"date":"2016-04-07T12:41:36","date_gmt":"2016-04-07T12:41:36","guid":{"rendered":"http:\/\/alcalordelaspalabras.es\/eventos\/?lang=ca"},"modified":"2024-04-05T07:02:18","modified_gmt":"2024-04-05T07:02:18","slug":"eventos","status":"publish","type":"page","link":"https:\/\/alcalordelaspalabras.es\/ca\/eventos\/","title":{"rendered":"Eventos"},"content":{"rendered":"<p>[vc_row full_width=&#8221;stretch_row&#8221; css=&#8221;.vc_custom_1530222603070{margin-top: -30px !important;background-image: url(https:\/\/alcalordelaspalabras.es\/images\/eventos-cabecera.jpg?id=1291) !important;background-position: center !important;background-repeat: no-repeat !important;background-size: cover !important;}&#8221;][vc_column width=&#8221;1\/6&#8243;][\/vc_column][vc_column width=&#8221;2\/3&#8243;][vc_empty_space height=&#8221;100px&#8221;][vc_column_text]<\/p>\n<h1 style=\"text-align: center;\"><span style=\"color: #ffffff;\"> Esdeveniments <\/span><\/h1>\n<h4 style=\"text-align: center;\"><span style=\"color: #ffffff;\">\u201cCreo, promoc i coordine l\u00b4organitzaci\u00f3 de variats esdeveniments de narraci\u00f3 i u sobre la mentida\u201d.\u00a0<\/span><\/h4>\n<p>[\/vc_column_text][vc_empty_space height=&#8221;100px&#8221;][\/vc_column][vc_column width=&#8221;1\/6&#8243;][\/vc_column][\/vc_row][vc_row][vc_column][vc_empty_space height=&#8221;10px&#8221;][\/vc_column][vc_column width=&#8221;1\/2&#8243;][vc_row_inner][vc_column_inner width=&#8221;1\/6&#8243;][\/vc_column_inner][vc_column_inner width=&#8221;5\/6&#8243;][vc_custom_heading text=&#8221;Al caliu de les paraules &#8211; Festival de narraci\u00f3 oral&#8221; font_container=&#8221;tag:h2|font_size:40|text_align:left|color:%23b70000&#8243; google_fonts=&#8221;font_family:Lobster%3Aregular|font_style:400%20regular%3A400%3Anormal&#8221;][vc_column_text css=&#8221;.vc_custom_1712300535214{padding-top: 2vh !important;}&#8221;]<\/p>\n<h4>\u201cEl que dona una paraula, dona un do\u201d<span style=\"font-size: 12px;\"><em style=\"line-height: 1.5;\">(Paco Abril)<\/em><\/span><\/h4>\n<ul>\n<li><strong>Valencia 2017-2024 L\u00b4ETNO C.C La Beneficencia<\/strong><\/li>\n<li><strong>CHELVA (Valencia) . 1998-2003<\/strong><\/li>\n<\/ul>\n<p><strong>A<\/strong>l caliu de les paraules\u201d \u00e9s un esdeveniment ideat per gaudir de<br \/>\n<strong>L<\/strong>a festiva i variada narrativa valenciana de tradici\u00f3 oral.<\/p>\n<p><strong>C<\/strong>ontes i cants en tres fogueres, escenaris fets<br \/>\n<strong>A<\/strong> la mesura humana de l\u00b4art de contar i escoltar, on el regal de<br \/>\n<strong>L<\/strong>a paraula contada i cantada en hivern ser\u00e1 com antany.<br \/>\n<strong>I<\/strong>maginaci\u00f3, rialles, diversi\u00f3, musica\u2026cultura, xe tu!<br \/>\n<strong>U<\/strong>na nit de festa popular de repica\u00b4m el colze!<\/p>\n<p><strong>D<\/strong>isabte 28 de gener, nit, tothom est\u00e0 convidat a un<br \/>\n<strong>E<\/strong>sdeveniment popular com s\u00b4ha viscut i \u00e9s viu en<\/p>\n<p><strong>L<\/strong>a Serran\u00eda en les festes del cicle del foc<br \/>\n<strong>E<\/strong>ntre els mesos de gener i febrer.<br \/>\n<strong>S<\/strong>encill, necessari, valu\u00f3s i hum\u00e0 \u00e9s l\u00b4acte de compartir<\/p>\n<p><strong>P<\/strong>araules de ress\u00f2 antic per reviure la seua m\u00e0gia<br \/>\n<strong>A<\/strong> la llum i el caliu natural del foc valenci\u00e0. Es<br \/>\n<strong>R<\/strong>egalaran paraules, parauletes i parauleres<br \/>\n<strong>A<\/strong>legres, amb generositat, per rescatar els seus valors en<br \/>\n<strong>U<\/strong>n mon cada vegada m\u00e9s audiovisual. Des de sempre<br \/>\n<strong>L<\/strong>es hist\u00f2ries i les can\u00e7ons han sigut i son, mat\u00e8ria i<br \/>\n<strong>E<\/strong>sp\u00e8rit de la literatura oral, color i calor humans.<br \/>\n<strong>S<\/strong>er\u00e0 una calida experi\u00e8ncia. \u00a1Paraula! Que no te ho conten!![\/vc_column_text][\/vc_column_inner][\/vc_row_inner][\/vc_column][vc_column width=&#8221;1\/2&#8243;][vc_empty_space height=&#8221;70px&#8221;][vc_gallery type=&#8221;flexslider_slide&#8221; interval=&#8221;3&#8243; images=&#8221;1495,1496,1499,1850,1846,1848,2002,2004,2006,2008,2010,2012,2014&#8243; img_size=&#8221;large&#8221; onclick=&#8221;&#8221;]<div class=\"icon_box icon_position_left no_border\"><a class=\"\" href=\"https:\/\/www.facebook.com\/1423657348\/videos\/10212541889048569\" target=\"_blank\" ><div class=\"image_wrapper\"><img loading=\"lazy\" decoding=\"async\" src=\"https:\/\/alcalordelaspalabras.es\/images\/youtube-1.png\" class=\"scale-with-grid\" alt=\"youtube\" width=\"64\" height=\"64\"\/><\/div><div class=\"desc_wrapper\"><h4 class=\"title\">Veure v\u00eddeo<\/h4><div class=\"desc\">Cantant i ballant La Pimintonera posant punt i final de AL CALIU DE LES PARAULES<\/div><\/div><\/a><\/div>\n[\/vc_column][vc_column][vc_empty_space height=&#8221;10px&#8221;][\/vc_column][\/vc_row][vc_row full_width=&#8221;stretch_row&#8221; css=&#8221;.vc_custom_1461454059454{background-color: #ffffff !important;}&#8221;][vc_column][vc_empty_space height=&#8221;10px&#8221;][\/vc_column][vc_column width=&#8221;1\/2&#8243;][vc_row_inner][vc_column_inner width=&#8221;1\/6&#8243;][\/vc_column_inner][vc_column_inner width=&#8221;5\/6&#8243;][vc_custom_heading text=&#8221;Mentisc, per tant existisc&#8221; font_container=&#8221;tag:h2|font_size:40|text_align:left|color:%23b70000&#8243; google_fonts=&#8221;font_family:Lobster%3Aregular|font_style:400%20regular%3A400%3Anormal&#8221;][vc_column_text css=&#8221;.vc_custom_1661960283360{padding-top: 2vh !important;}&#8221;]<\/p>\n<h4>Si a la manera de la veritat, la mentida nom\u00e9s tinguera una cara, la cosa no aniria malament. Perque diriem que \u00e9s veritat el contrari del que diu el mentider. Per\u00f2 el revers de la veritat t\u00e9 mil formes i un camp infinit.\u201d<span style=\"font-size: 12px;\"><em style=\"line-height: 1.5;\">(Michel de Montaigne)<\/em><\/span><\/h4>\n<ul>\n<li><strong>VAL\u00c8NCIA 11 de desembre 2021 L\u00b4ETNO de Val\u00e8ncia<\/strong><\/li>\n<li><strong>VAL\u00c8NCIA 13 d\u00b4abril 2019 Centre del Carme Cultura Contemporanea<\/strong><\/li>\n<li><strong>VAL\u00c8NCIA 23 i 24 de mar\u00e7 de 2017 Centre Cultural La Nau, Universitat de VAL\u00c8NCIA<\/strong><\/li>\n<\/ul>\n<p>Es tracta d\u00b4un esdeveniment multidisciplinar en el qual tenen cabuda <strong>totes aquelles manifestacions culturals i disciplines socials relacionades amb LA MENTIDA<\/strong> com la literatura, el cinema, la publicitat, la m\u00fasica, la m\u00e0gia, les arts esc\u00e8niques, la psicologia, la antropologia , la pol\u00edtica, la \u00e9tica i altres.<\/p>\n<p><strong>Un esdeveniment participatiu i obert,<\/strong> dirigit a totes les persones que menteixen, i que gaudisc d\u00b4un ampli ventall d\u00b4activitats.[\/vc_column_text][\/vc_column_inner][\/vc_row_inner][\/vc_column][vc_column width=&#8221;1\/2&#8243;][vc_gallery type=&#8221;flexslider_slide&#8221; interval=&#8221;3&#8243; images=&#8221;1547,1527,1525,1523,1902,1860,1858,1856,1898,1904,2054,2056,2058,2060,2062,2064,2066&#8243; img_size=&#8221;large&#8221; onclick=&#8221;&#8221;][\/vc_column][vc_column][vc_empty_space height=&#8221;10px&#8221;][\/vc_column][\/vc_row][vc_row][vc_column][vc_empty_space height=&#8221;10px&#8221;][\/vc_column][vc_column width=&#8221;1\/2&#8243;][vc_row_inner][vc_column_inner width=&#8221;1\/6&#8243;][\/vc_column_inner][vc_column_inner width=&#8221;5\/6&#8243;][vc_custom_heading text=&#8221;Contem i Escoltem &#8211; Festival del conte&#8221; font_container=&#8221;tag:h2|font_size:40|text_align:left|color:%23b70000&#8243; google_fonts=&#8221;font_family:Lobster%3Aregular|font_style:400%20regular%3A400%3Anormal&#8221;][vc_column_text css=&#8221;.vc_custom_1661960399899{padding-top: 2vh !important;}&#8221;]<\/p>\n<h4>\u201cUn conte \u00e9s un divertiment, una evasi\u00f3, i quand \u00e9s h\u00e1bil ens recondueix a eixe mon del qual creiem haver-nos lliurat\u201d<span style=\"font-size: 12px;\"><em style=\"line-height: 1.5;\">(Jean Claude Carri\u00e8re)<\/em><\/span><\/h4>\n<ul>\n<li style=\"list-style-type: none;\">\n<ul>\n<li><span style=\"color: #000000;\"><strong> VAL\u00c8NCIA 5 i 6 de mar\u00e7 2022, El TEM Val\u00e8ncia<\/strong><\/span><\/li>\n<\/ul>\n<\/li>\n<\/ul>\n<p>La narraci\u00f3 oral \u00e9s un acte de comunicaci\u00f3, un dialogue, una conversa entre una persona que narra i una o m\u00e9s que escolten. I una conversa \u00e9s m\u00e9s rica, atractiva i plaent quan els involucrats participen activament. D&#8217;ac\u00ed el t\u00edtol de la proposta: CONTEM I ESCOLTEM.<br \/>\nL&#8217;objectiu d&#8217;aquest projecte \u00e9s posar en valor un dels majors tresors de la cultura: els contes.[\/vc_column_text][\/vc_column_inner][\/vc_row_inner][\/vc_column][vc_column width=&#8221;1\/2&#8243;][vc_empty_space height=&#8221;70px&#8221;][vc_gallery type=&#8221;flexslider_slide&#8221; interval=&#8221;3&#8243; images=&#8221;2019,2021,2025,2027,2023&#8243; img_size=&#8221;large&#8221; onclick=&#8221;&#8221;][\/vc_column][vc_column][vc_empty_space height=&#8221;10px&#8221;][\/vc_column][\/vc_row]<\/p>\n","protected":false},"excerpt":{"rendered":"<p>[vc_row full_width=&#8221;stretch_row&#8221; css=&#8221;.vc_custom_1530222603070{margin-top: -30px !important;background-image: url(https:\/\/alcalordelaspalabras.es\/images\/eventos-cabecera.jpg?id=1291) !important;background-position: center !important;background-repeat: no-repeat !important;background-size: cover !important;}&#8221;][vc_column width=&#8221;1\/6&#8243;][\/vc_column][vc_column width=&#8221;2\/3&#8243;][vc_empty_space height=&#8221;100px&#8221;][vc_column_text] Esdeveniments \u201cCreo, promoc i coordine l\u00b4organitzaci\u00f3 de variats esdeveniments de<span class=\"excerpt-hellip\"> [\u2026]<\/span><\/p>\n","protected":false},"author":1,"featured_media":0,"parent":0,"menu_order":0,"comment_status":"closed","ping_status":"closed","template":"","meta":{"footnotes":""},"yoast_head":"<!-- This site is optimized with the Yoast SEO plugin v22.7 - https:\/\/yoast.com\/wordpress\/plugins\/seo\/ -->\n<title>Eventos - Vicente Cortes<\/title>\n<meta name=\"robots\" content=\"index, follow, max-snippet:-1, max-image-preview:large, max-video-preview:-1\" \/>\n<link rel=\"canonical\" href=\"https:\/\/alcalordelaspalabras.es\/ca\/eventos\/\" \/>\n<meta property=\"og:locale\" content=\"en_US\" \/>\n<meta property=\"og:type\" content=\"article\" \/>\n<meta property=\"og:title\" content=\"Eventos - Vicente Cortes\" \/>\n<meta property=\"og:description\" content=\"[vc_row full_width=&#8221;stretch_row&#8221; css=&#8221;.vc_custom_1530222603070{margin-top: -30px !important;background-image: url(https:\/\/alcalordelaspalabras.es\/images\/eventos-cabecera.jpg?id=1291) !important;background-position: center !important;background-repeat: no-repeat !important;background-size: cover !important;}&#8221;][vc_column width=&#8221;1\/6&#8243;][\/vc_column][vc_column width=&#8221;2\/3&#8243;][vc_empty_space height=&#8221;100px&#8221;][vc_column_text] Esdeveniments \u201cCreo, promoc i coordine l\u00b4organitzaci\u00f3 de variats esdeveniments de [\u2026]\" \/>\n<meta property=\"og:url\" content=\"https:\/\/alcalordelaspalabras.es\/ca\/eventos\/\" \/>\n<meta property=\"og:site_name\" content=\"Vicente Cortes\" \/>\n<meta property=\"article:modified_time\" content=\"2024-04-05T07:02:18+00:00\" \/>\n<meta name=\"twitter:card\" content=\"summary_large_image\" \/>\n<meta name=\"twitter:label1\" content=\"Est. reading time\" \/>\n\t<meta name=\"twitter:data1\" content=\"3 minutes\" \/>\n<script type=\"application\/ld+json\" class=\"yoast-schema-graph\">{\"@context\":\"https:\/\/schema.org\",\"@graph\":[{\"@type\":\"WebPage\",\"@id\":\"https:\/\/alcalordelaspalabras.es\/ca\/eventos\/\",\"url\":\"https:\/\/alcalordelaspalabras.es\/ca\/eventos\/\",\"name\":\"Eventos - Vicente Cortes\",\"isPartOf\":{\"@id\":\"https:\/\/alcalordelaspalabras.es\/#website\"},\"datePublished\":\"2016-04-07T12:41:36+00:00\",\"dateModified\":\"2024-04-05T07:02:18+00:00\",\"breadcrumb\":{\"@id\":\"https:\/\/alcalordelaspalabras.es\/ca\/eventos\/#breadcrumb\"},\"inLanguage\":\"va\",\"potentialAction\":[{\"@type\":\"ReadAction\",\"target\":[\"https:\/\/alcalordelaspalabras.es\/ca\/eventos\/\"]}]},{\"@type\":\"BreadcrumbList\",\"@id\":\"https:\/\/alcalordelaspalabras.es\/ca\/eventos\/#breadcrumb\",\"itemListElement\":[{\"@type\":\"ListItem\",\"position\":1,\"name\":\"Portada\",\"item\":\"https:\/\/alcalordelaspalabras.es\/ca\/\"},{\"@type\":\"ListItem\",\"position\":2,\"name\":\"Eventos\"}]},{\"@type\":\"WebSite\",\"@id\":\"https:\/\/alcalordelaspalabras.es\/#website\",\"url\":\"https:\/\/alcalordelaspalabras.es\/\",\"name\":\"Vicente Cortes\",\"description\":\"Vividor del Cuento\",\"potentialAction\":[{\"@type\":\"SearchAction\",\"target\":{\"@type\":\"EntryPoint\",\"urlTemplate\":\"https:\/\/alcalordelaspalabras.es\/?s={search_term_string}\"},\"query-input\":\"required name=search_term_string\"}],\"inLanguage\":\"va\"}]}<\/script>\n<!-- \/ Yoast SEO plugin. -->","yoast_head_json":{"title":"Eventos - Vicente Cortes","robots":{"index":"index","follow":"follow","max-snippet":"max-snippet:-1","max-image-preview":"max-image-preview:large","max-video-preview":"max-video-preview:-1"},"canonical":"https:\/\/alcalordelaspalabras.es\/ca\/eventos\/","og_locale":"en_US","og_type":"article","og_title":"Eventos - Vicente Cortes","og_description":"[vc_row full_width=&#8221;stretch_row&#8221; css=&#8221;.vc_custom_1530222603070{margin-top: -30px !important;background-image: url(https:\/\/alcalordelaspalabras.es\/images\/eventos-cabecera.jpg?id=1291) !important;background-position: center !important;background-repeat: no-repeat !important;background-size: cover !important;}&#8221;][vc_column width=&#8221;1\/6&#8243;][\/vc_column][vc_column width=&#8221;2\/3&#8243;][vc_empty_space height=&#8221;100px&#8221;][vc_column_text] Esdeveniments \u201cCreo, promoc i coordine l\u00b4organitzaci\u00f3 de variats esdeveniments de [\u2026]","og_url":"https:\/\/alcalordelaspalabras.es\/ca\/eventos\/","og_site_name":"Vicente Cortes","article_modified_time":"2024-04-05T07:02:18+00:00","twitter_card":"summary_large_image","twitter_misc":{"Est. reading time":"3 minutes"},"schema":{"@context":"https:\/\/schema.org","@graph":[{"@type":"WebPage","@id":"https:\/\/alcalordelaspalabras.es\/ca\/eventos\/","url":"https:\/\/alcalordelaspalabras.es\/ca\/eventos\/","name":"Eventos - Vicente Cortes","isPartOf":{"@id":"https:\/\/alcalordelaspalabras.es\/#website"},"datePublished":"2016-04-07T12:41:36+00:00","dateModified":"2024-04-05T07:02:18+00:00","breadcrumb":{"@id":"https:\/\/alcalordelaspalabras.es\/ca\/eventos\/#breadcrumb"},"inLanguage":"va","potentialAction":[{"@type":"ReadAction","target":["https:\/\/alcalordelaspalabras.es\/ca\/eventos\/"]}]},{"@type":"BreadcrumbList","@id":"https:\/\/alcalordelaspalabras.es\/ca\/eventos\/#breadcrumb","itemListElement":[{"@type":"ListItem","position":1,"name":"Portada","item":"https:\/\/alcalordelaspalabras.es\/ca\/"},{"@type":"ListItem","position":2,"name":"Eventos"}]},{"@type":"WebSite","@id":"https:\/\/alcalordelaspalabras.es\/#website","url":"https:\/\/alcalordelaspalabras.es\/","name":"Vicente Cortes","description":"Vividor del Cuento","potentialAction":[{"@type":"SearchAction","target":{"@type":"EntryPoint","urlTemplate":"https:\/\/alcalordelaspalabras.es\/?s={search_term_string}"},"query-input":"required name=search_term_string"}],"inLanguage":"va"}]}},"_links":{"self":[{"href":"https:\/\/alcalordelaspalabras.es\/ca\/wp-json\/wp\/v2\/pages\/1310"}],"collection":[{"href":"https:\/\/alcalordelaspalabras.es\/ca\/wp-json\/wp\/v2\/pages"}],"about":[{"href":"https:\/\/alcalordelaspalabras.es\/ca\/wp-json\/wp\/v2\/types\/page"}],"author":[{"embeddable":true,"href":"https:\/\/alcalordelaspalabras.es\/ca\/wp-json\/wp\/v2\/users\/1"}],"replies":[{"embeddable":true,"href":"https:\/\/alcalordelaspalabras.es\/ca\/wp-json\/wp\/v2\/comments?post=1310"}],"version-history":[{"count":51,"href":"https:\/\/alcalordelaspalabras.es\/ca\/wp-json\/wp\/v2\/pages\/1310\/revisions"}],"predecessor-version":[{"id":2142,"href":"https:\/\/alcalordelaspalabras.es\/ca\/wp-json\/wp\/v2\/pages\/1310\/revisions\/2142"}],"wp:attachment":[{"href":"https:\/\/alcalordelaspalabras.es\/ca\/wp-json\/wp\/v2\/media?parent=1310"}],"curies":[{"name":"wp","href":"https:\/\/api.w.org\/{rel}","templated":true}]}}