{"id":1311,"date":"2016-01-25T09:36:22","date_gmt":"2016-01-25T09:36:22","guid":{"rendered":"http:\/\/alcalordelaspalabras.es\/formacion\/?lang=ca"},"modified":"2024-05-16T19:07:26","modified_gmt":"2024-05-16T19:07:26","slug":"formacion","status":"publish","type":"page","link":"https:\/\/alcalordelaspalabras.es\/ca\/formacion\/","title":{"rendered":"Formaci\u00f3n"},"content":{"rendered":"<p>[vc_row full_width=&#8221;stretch_row&#8221; css=&#8221;.vc_custom_1630422416480{margin-top: -30px !important;background-image: url(https:\/\/alcalordelaspalabras.es\/images\/formacion-vicente-cortes-1.jpg?id=1095) !important;background-position: center !important;background-repeat: no-repeat !important;background-size: cover !important;}&#8221;][vc_column width=&#8221;1\/6&#8243;][\/vc_column][vc_column width=&#8221;2\/3&#8243;][vc_empty_space height=&#8221;70px&#8221;][vc_column_text]<\/p>\n<h1 style=\"text-align: center;\"><span style=\"color: #ffffff;\">Formaci\u00f3<\/span><\/h1>\n<h4 style=\"text-align: center;\"><span style=\"color: #ffffff;\">\u201cEl primer coneixement de la llengua escrita no ha trobat encara cap itinerari m\u00e9s ric i m\u00e9s atractiu que el d\u2019un llibre de contes\u201d.<span style=\"font-size: 12px;\"><em style=\"line-height: 1.5;\">(Gianni Rodari)<\/em><\/span><\/span><\/h4>\n<p>[\/vc_column_text][vc_empty_space height=&#8221;30px&#8221;][\/vc_column][vc_column width=&#8221;1\/6&#8243;][\/vc_column][\/vc_row][vc_row css=&#8221;.vc_custom_1695711818303{padding-top: 100px !important;padding-bottom: 100px !important;}&#8221;][vc_column width=&#8221;1\/3&#8243;][vc_custom_heading text=&#8221;Tallers&#8221; font_container=&#8221;tag:h2|font_size:40|text_align:left|color:%23b70000&#8243; google_fonts=&#8221;font_family:Lobster%3Aregular|font_style:400%20regular%3A400%3Anormal&#8221;][vc_separator color=&#8221;custom&#8221; accent_color=&#8221;#b70000&#8243;][\/vc_column][vc_column width=&#8221;2\/3&#8243;][vc_row_inner][vc_column_inner][vc_empty_space height=&#8221;80px&#8221;][\/vc_column_inner][vc_column_inner][vc_column_text css=&#8221;.vc_custom_1630422435405{margin-bottom: 5px !important;}&#8221;]<\/p>\n<h3>Tallers Animaci\u00f3 lectora<\/h3>\n<p><strong>Objectius de tots els tallers<\/strong><\/p>\n<ul>\n<li>Apropar el llibre i la lectura de forma l\u00fadica<\/li>\n<li>Desenvolupament de la creativitat<\/li>\n<li>Fomentar la comprensi\u00f3 lectora (guies did\u00e0ctiques de cada llibre).<\/li>\n<li>Educar en el treball en equip<\/li>\n<li>Afavorir la sociabilitat<\/li>\n<li>Motivar per a la posada en escena dels treballs realitzats<\/li>\n<\/ul>\n<p>[\/vc_column_text][\/vc_column_inner][\/vc_row_inner][vc_row_inner css=&#8221;.vc_custom_1695711877465{border-bottom-width: 1px !important;padding-top: 20px !important;padding-bottom: 50px !important;border-bottom-color: #bababa !important;border-bottom-style: solid !important;}&#8221;][vc_column_inner width=&#8221;2\/3&#8243;][vc_column_text]<\/p>\n<h3>1.\u00a0\u201cGreguenanzas\u201d<\/h3>\n<h5><span style=\"color: #333333;\">(Associat a la lectura del llibre &#8220;Quisicoses&#8221; per a \u00e9ssers curiosos)<\/span><\/h5>\n<h5><\/h5>\n<p><strong><img loading=\"lazy\" decoding=\"async\" class=\"alignnone size-full wp-image-2104\" src=\"https:\/\/alcalordelaspalabras.es\/images\/Greguenalleanzas.jpg\" alt=\"\" width=\"983\" height=\"1275\" srcset=\"https:\/\/alcalordelaspalabras.es\/images\/Greguenalleanzas.jpg 983w, https:\/\/alcalordelaspalabras.es\/images\/Greguenalleanzas-231x300.jpg 231w, https:\/\/alcalordelaspalabras.es\/images\/Greguenalleanzas-789x1024.jpg 789w, https:\/\/alcalordelaspalabras.es\/images\/Greguenalleanzas-113x146.jpg 113w, https:\/\/alcalordelaspalabras.es\/images\/Greguenalleanzas-39x50.jpg 39w, https:\/\/alcalordelaspalabras.es\/images\/Greguenalleanzas-58x75.jpg 58w\" sizes=\"(max-width: 983px) 100vw, 983px\" \/><\/strong><\/p>\n<p><strong>SINOPSI:<\/strong> L\u00fadic i divertit passeig literari i pl\u00e0stic per greguer\u00edas en forma d&#8217;endevinalles, \u00e9s a dir greguenalles. De l&#8217;humor a la tendresa, de l&#8217;agudesa enginyosa a la imatge sensorial i pl\u00e0stica, perqu\u00e8 la persona lectora gaudi del seu enginy, agudesa o inventiva i de pas es familiaritze amb les lletres.<br \/>\nEls participants les endevinaran i despr\u00e9s inventaran noves i les il\u00b7lustraran per a elaborar el Gran Llibre de les Greguenalles.<\/p>\n<hr \/>\n<p><strong>Fitxa t\u00e8cnica<\/strong><\/p>\n<ul>\n<li>Duraci\u00f3: 1\u00b430hs<\/li>\n<li>Idioma: Castell\u00e0 \/ Valenci\u00e0<\/li>\n<li>P\u00fablico: De 9 a 16 anys i adults (dues sessions del taller)<\/li>\n<li>Preu: 250 euros c\/u de taller<\/li>\n<li>Necessitats materials: taules, folis, llapis, colors, tisores, coles, revistes i diaris.<\/li>\n<\/ul>\n<p>[\/vc_column_text][\/vc_column_inner][vc_column_inner width=&#8221;1\/3&#8243;][\/vc_column_inner][\/vc_row_inner][vc_row_inner css=&#8221;.vc_custom_1695711912487{border-bottom-width: 1px !important;padding-top: 50px !important;padding-bottom: 50px !important;border-bottom-color: #bababa !important;border-bottom-style: solid !important;}&#8221;][vc_column_inner width=&#8221;2\/3&#8243;][vc_column_text]<\/p>\n<h3>2.\u00a0El T\u00edo Parag\u00fcero\u00a0viatja molt i sap molt<\/h3>\n<h5><span style=\"color: #333333;\">(Asociat a la lectura dels llibres de \u201cEl T\u00edo Parag\u00fcero\u201d)<\/span><\/h5>\n<h5><\/h5>\n<p><img loading=\"lazy\" decoding=\"async\" class=\"alignnone size-full wp-image-1055\" src=\"\/images\/siluetas-PARAG\u00dcERO-1-1.jpg\" alt=\"siluetas-PARAG\u00dcERO-(1)-1\" width=\"1030\" height=\"759\" srcset=\"https:\/\/alcalordelaspalabras.es\/images\/siluetas-PARAG\u00dcERO-1-1.jpg 1030w, https:\/\/alcalordelaspalabras.es\/images\/siluetas-PARAG\u00dcERO-1-1-300x221.jpg 300w, https:\/\/alcalordelaspalabras.es\/images\/siluetas-PARAG\u00dcERO-1-1-1024x755.jpg 1024w, https:\/\/alcalordelaspalabras.es\/images\/siluetas-PARAG\u00dcERO-1-1-198x146.jpg 198w, https:\/\/alcalordelaspalabras.es\/images\/siluetas-PARAG\u00dcERO-1-1-50x37.jpg 50w, https:\/\/alcalordelaspalabras.es\/images\/siluetas-PARAG\u00dcERO-1-1-102x75.jpg 102w\" sizes=\"(max-width: 1030px) 100vw, 1030px\" \/><\/p>\n<p>L\u00b4amor a la lectura dep\u00e8n de la tradici\u00f3 oral, i per tant este taller conduir\u00e0 als participants del plaer de escoltar els diferents g\u00e9neres de literatura oral que componen els quatre llibres del T\u00edo Parag\u00fcero a la seua posterior lectura i recreaci\u00f3.<br \/>\nEste taller tracta de dinamitzar els contes, can\u00e7ons, endevinalles, embarbussaments, refranys, roman\u00e7os, can\u00e7onetes, llegendes\u2026etc. que componen els llibres del T\u00edo Parag\u00fcero, i les emocions i facultats que les acompanyen: la mem\u00f2ria, la afectivitat, la comunicaci\u00f3 oral, la transmisi\u00f3 de coneiximents, els usos i costums i les diferents formes de agrupar les paraules.<br \/>\nMetodolog\u00eda:1) Sessi\u00f3 breu de narraci\u00f3 oral; 2) Taller de recreaci\u00f3<\/p>\n<hr \/>\n<p><strong>Fitxa t\u00e8cnica<\/strong><\/p>\n<p>Duraci\u00f3: 90 minuts<br \/>\nEdats: 6 a 12 anys<br \/>\nParticipants: 25[\/vc_column_text][\/vc_column_inner][vc_column_inner width=&#8221;1\/3&#8243;][\/vc_column_inner][\/vc_row_inner][vc_row_inner css=&#8221;.vc_custom_1695711942648{border-bottom-width: 1px !important;padding-top: 50px !important;padding-bottom: 50px !important;border-bottom-color: #bababa !important;border-bottom-style: solid !important;}&#8221;][vc_column_inner width=&#8221;2\/3&#8243;][vc_column_text]<\/p>\n<h3>3.\u00a0Marcant pagina<\/h3>\n<h5><span style=\"color: #333333;\">(Asociat a l\u00b4exposici\u00f3 \u201cMarcant Pagina)<\/span><\/h5>\n<h5><\/h5>\n<p><img loading=\"lazy\" decoding=\"async\" class=\"alignnone size-full wp-image-967\" src=\"\/images\/del-libro-al-teatro-2.jpg\" alt=\"marcapaginas1\" width=\"2772\" height=\"2460\" \/><\/p>\n<p>Tras la visi\u00f3 guiada de l\u00b4exposici\u00f3 temporal (duraci\u00f3 una setmana) de diferents models de Marca pagines -coleccionats pel mon desde 1983 posterior taller l\u00fadic per aix\u00ed afavorir l\u00b4apropament al llibre i a la lectura.<br \/>\nMetodolog\u00eda:<br \/>\n1) Visita a la exposici\u00f3<br \/>\n2) Taller de creaci\u00f3 de punts de lectura:<\/p>\n<hr \/>\n<p><strong>Fitxa t\u00e8cnica<\/strong><\/p>\n<p>Duraci\u00f3: 60 minuts<br \/>\nEdats: 6 a 12 anys<br \/>\nParticipants: 25[\/vc_column_text][\/vc_column_inner][vc_column_inner width=&#8221;1\/3&#8243;][\/vc_column_inner][\/vc_row_inner][vc_row_inner css=&#8221;.vc_custom_1695711970424{border-bottom-width: 1px !important;padding-top: 50px !important;padding-bottom: 50px !important;border-bottom-color: #bababa !important;border-bottom-style: solid !important;}&#8221;][vc_column_inner width=&#8221;2\/3&#8243;][vc_column_text]<\/p>\n<h3>4.\u00a0Una vesprada de contes en familia<\/h3>\n<p>El principi \u00e9s sencill: porteu els vostres contes tradicionals i aprenguem junts a contar-les als fills, als iaios, als cosins o &#8230; als veins!<\/p>\n<hr \/>\n<p><strong>Fitxa t\u00e8cnica<\/strong><\/p>\n<ul>\n<li>Duraci\u00f3: 90 minuts.<\/li>\n<li>Edats: 3 a 100 anys<\/li>\n<li>Idiomes: Valenci\u00e0, Castell\u00e0<\/li>\n<li>Participants: 25<\/li>\n<\/ul>\n<p>[\/vc_column_text][\/vc_column_inner][vc_column_inner width=&#8221;1\/3&#8243;][\/vc_column_inner][\/vc_row_inner][vc_row_inner][vc_column_inner][vc_column_text]<\/p>\n<h3>Tallers de Titelles<\/h3>\n<p><strong>Objectius de tots els tallers: <\/strong><\/p>\n<ul>\n<li>Desenvolupament de la creativitat individual i colectiva.<\/li>\n<li>Educar per al reciclatje de materials de rebuig.<\/li>\n<li>Educar pel treball en equip.<\/li>\n<li>Educar per a la participaci\u00f3 amb esperit cr\u00edtic.<\/li>\n<li>Coneiximent de les distintes posibilitats creatives dels materials:\u00a0papers, materials de rebuig, llums,<\/li>\n<li>Propiciar la creativitat en familia si el taller obre les portes a aquesta.<\/li>\n<\/ul>\n<p>[\/vc_column_text][\/vc_column_inner][vc_column_inner width=&#8221;2\/3&#8243;][vc_column_text]<\/p>\n<h3>1.\u00a0Titelles barats<\/h3>\n<p>Creaci\u00f3 de t\u00edtelles amb materials de reciclatge\u00a0en xicotets grups per aix\u00ed compartir idees, solucions est\u00e8tiques i materials. Com aconseguir un t\u00edtella personal i \u00fanic usant els mateixos materials.<\/p>\n<p><img loading=\"lazy\" decoding=\"async\" class=\"alignnone size-full wp-image-1582\" src=\"http:\/\/alcalordelaspalabras.es\/images\/Captura.png\" alt=\"\" width=\"482\" height=\"321\" srcset=\"https:\/\/alcalordelaspalabras.es\/images\/Captura.png 482w, https:\/\/alcalordelaspalabras.es\/images\/Captura-300x200.png 300w, https:\/\/alcalordelaspalabras.es\/images\/Captura-219x146.png 219w, https:\/\/alcalordelaspalabras.es\/images\/Captura-50x33.png 50w, https:\/\/alcalordelaspalabras.es\/images\/Captura-480x321.png 480w, https:\/\/alcalordelaspalabras.es\/images\/Captura-113x75.png 113w\" sizes=\"(max-width: 482px) 100vw, 482px\" \/><\/p>\n<hr \/>\n<p><strong>Fitxa t\u00e8cnica<\/strong><\/p>\n<p>Duraci\u00f3: 80 minuts<br \/>\nEdats: De 3 a 12 anys<br \/>\nParticipants: M\u00e0xim 20[\/vc_column_text][\/vc_column_inner][vc_column_inner width=&#8221;1\/3&#8243;][\/vc_column_inner][\/vc_row_inner][vc_row_inner][vc_column_inner width=&#8221;2\/3&#8243;][vc_column_text]<\/p>\n<h3>2.\u00a0El titella en el seu paper<\/h3>\n<p><img loading=\"lazy\" decoding=\"async\" class=\"alignnone size-full wp-image-1236\" src=\"\/images\/titere-en-su-papel-1.jpg\" alt=\"titere en su papel 1\" width=\"486\" height=\"640\" srcset=\"https:\/\/alcalordelaspalabras.es\/images\/titere-en-su-papel-1.jpg 486w, https:\/\/alcalordelaspalabras.es\/images\/titere-en-su-papel-1-228x300.jpg 228w, https:\/\/alcalordelaspalabras.es\/images\/titere-en-su-papel-1-111x146.jpg 111w, https:\/\/alcalordelaspalabras.es\/images\/titere-en-su-papel-1-38x50.jpg 38w, https:\/\/alcalordelaspalabras.es\/images\/titere-en-su-papel-1-57x75.jpg 57w\" sizes=\"(max-width: 486px) 100vw, 486px\" \/><\/p>\n<p>Creaci\u00f3 de t\u00edtelles amb papers de diversa textura i color, i posterior animaci\u00f3 del personatge o personatges fruit del modelat realitzat.<\/p>\n<p>&nbsp;<\/p>\n<hr \/>\n<p><strong>Fitxa t\u00e8cnica<\/strong><\/p>\n<p>Duraci\u00f3: 60 minuts<br \/>\nEdats: 3 a 12 anys.<br \/>\nParticipants: M\u00e0xim 20[\/vc_column_text][\/vc_column_inner][vc_column_inner width=&#8221;1\/3&#8243;][\/vc_column_inner][\/vc_row_inner][vc_row_inner][vc_column_inner width=&#8221;2\/3&#8243;][vc_column_text]<\/p>\n<h3>3.\u00a0Ombres divertides<\/h3>\n<p><img loading=\"lazy\" decoding=\"async\" class=\"alignnone size-full wp-image-1061\" src=\"\/images\/sombras-divertidas-1.gif\" alt=\"sombras divertidas 1\" width=\"571\" height=\"368\" \/><\/p>\n<p>Tras la visi\u00f3 d\u00b4una breu historia representada pel tallerista amb ombres, construcci\u00f3 i posterior animaci\u00f3 teatral amb ombres xineses dels personatges i l\u00b4escenograf\u00eda d\u00b4un conegut conte popular.<\/p>\n<hr \/>\n<p><strong>Fitxa t\u00e8cnica<\/strong><\/p>\n<p>Duraci\u00f3: 70 minuts<br \/>\nEdats: 3 a 12 anys<br \/>\nParticipants: M\u00e0xim 20[\/vc_column_text][\/vc_column_inner][vc_column_inner width=&#8221;1\/3&#8243;][\/vc_column_inner][\/vc_row_inner][\/vc_column][\/vc_row][vc_row full_width=&#8221;stretch_row&#8221; css=&#8221;.vc_custom_1459508570276{background-color: #ffffff !important;}&#8221;][vc_column width=&#8221;1\/3&#8243;][vc_custom_heading text=&#8221;Xerrades&#8221; font_container=&#8221;tag:h2|font_size:40|text_align:left|color:%23b70000&#8243; google_fonts=&#8221;font_family:Lobster%3Aregular|font_style:400%20regular%3A400%3Anormal&#8221;][vc_separator][\/vc_column][vc_column width=&#8221;2\/3&#8243;][vc_row_inner][vc_column_inner][vc_empty_space height=&#8221;80px&#8221;][\/vc_column_inner][vc_column_inner width=&#8221;2\/3&#8243;][vc_column_text]<\/p>\n<h3>1. L\u00b4hora del conte, per qu\u00e9?<\/h3>\n<p>\u201cL\u00b4Hora del Conte\u201d s\u00b4ha revelat la forma m\u00e9s efica\u00e7 d\u00b4animaci\u00f3 a la lectura en els \u00e0mbits de la biblioteca, l\u00b4escola, la llar familiar.<br \/>\nXarrada- col.loqui sobre el tema entremesclada amb narraci\u00f3 de petits contes ilustratius de les idees exposades. Lliurament de bibliograf\u00eda del tema per a pares i profesors.<\/p>\n<hr \/>\n<p><strong>Objectius:<\/strong><\/p>\n<ul>\n<li>Concienciar a pares professors de l\u00b4importancia de la lectura.<\/li>\n<li>Concienciar sobre les posibilitats que cadascu te d\u00b4animar a llegir als seus fills o alumnes.<\/li>\n<li>Crear una actitud positiva al fet de contar contes com instrument<br \/>\nd\u00b4animaci\u00f3 lectora.<\/li>\n<li>Recuperar la tradici\u00f3 oral del \u00e0mbit familiar i de la comunitat.<\/li>\n<\/ul>\n<hr \/>\n<p><strong>Fitxa t\u00e8cnica<\/strong><\/p>\n<p>Duraci\u00f3: 60 minuts<br \/>\nEdats: J\u00f3vens i Adults[\/vc_column_text][\/vc_column_inner][vc_column_inner width=&#8221;1\/3&#8243;][\/vc_column_inner][\/vc_row_inner][vc_row_inner][vc_column_inner width=&#8221;2\/3&#8243;][vc_column_text]<\/p>\n<h3>2. L\u00b4oralitat com instrument de preservaci\u00f3 de les nostres cultures<\/h3>\n<p><img loading=\"lazy\" decoding=\"async\" class=\"alignnone size-full wp-image-1289\" src=\"http:\/\/alcalordelaspalabras.es\/images\/Charla-la-tradicion-oral-como.jpg\" alt=\"Charla la tradicion oral como\" width=\"1194\" height=\"1254\" srcset=\"https:\/\/alcalordelaspalabras.es\/images\/Charla-la-tradicion-oral-como.jpg 1194w, https:\/\/alcalordelaspalabras.es\/images\/Charla-la-tradicion-oral-como-286x300.jpg 286w, https:\/\/alcalordelaspalabras.es\/images\/Charla-la-tradicion-oral-como-975x1024.jpg 975w, https:\/\/alcalordelaspalabras.es\/images\/Charla-la-tradicion-oral-como-139x146.jpg 139w, https:\/\/alcalordelaspalabras.es\/images\/Charla-la-tradicion-oral-como-48x50.jpg 48w, https:\/\/alcalordelaspalabras.es\/images\/Charla-la-tradicion-oral-como-71x75.jpg 71w\" sizes=\"(max-width: 1194px) 100vw, 1194px\" \/><\/p>\n<p>La tradici\u00f3 oral es com una finestra oberta al passat, que ens apropa a la pr\u00f2pia cultura i als nostres arrels, ja que els pobles transmeten de generaci\u00f3 en generaci\u00f3 i a trav\u00e9s de la paraula dita, l\u00b4her\u00e8ncia de l\u00b4univers de coneiximents o saviesa popular (folklore) acumulat al llarg dels segles.<\/p>\n<hr \/>\n<p><strong>Fitxa t\u00e8cnica<\/strong><\/p>\n<p>Duraci\u00f3: 60 minuts<br \/>\nEdats: Joves i Adults[\/vc_column_text][\/vc_column_inner][vc_column_inner width=&#8221;1\/3&#8243;][\/vc_column_inner][\/vc_row_inner][\/vc_column][\/vc_row]<\/p>\n","protected":false},"excerpt":{"rendered":"<p>[vc_row full_width=&#8221;stretch_row&#8221; css=&#8221;.vc_custom_1630422416480{margin-top: -30px !important;background-image: url(https:\/\/alcalordelaspalabras.es\/images\/formacion-vicente-cortes-1.jpg?id=1095) !important;background-position: center !important;background-repeat: no-repeat !important;background-size: cover !important;}&#8221;][vc_column width=&#8221;1\/6&#8243;][\/vc_column][vc_column width=&#8221;2\/3&#8243;][vc_empty_space height=&#8221;70px&#8221;][vc_column_text] Formaci\u00f3 \u201cEl primer coneixement de la llengua escrita no ha<span class=\"excerpt-hellip\"> [\u2026]<\/span><\/p>\n","protected":false},"author":1,"featured_media":0,"parent":0,"menu_order":0,"comment_status":"closed","ping_status":"closed","template":"","meta":{"footnotes":""},"yoast_head":"<!-- This site is optimized with the Yoast SEO plugin v22.7 - https:\/\/yoast.com\/wordpress\/plugins\/seo\/ -->\n<title>Formaci\u00f3n - Vicente Cortes<\/title>\n<meta name=\"robots\" content=\"index, follow, max-snippet:-1, max-image-preview:large, max-video-preview:-1\" \/>\n<link rel=\"canonical\" href=\"https:\/\/alcalordelaspalabras.es\/ca\/formacion\/\" \/>\n<meta property=\"og:locale\" content=\"en_US\" \/>\n<meta property=\"og:type\" content=\"article\" \/>\n<meta property=\"og:title\" content=\"Formaci\u00f3n - Vicente Cortes\" \/>\n<meta property=\"og:description\" content=\"[vc_row full_width=&#8221;stretch_row&#8221; css=&#8221;.vc_custom_1630422416480{margin-top: -30px !important;background-image: url(https:\/\/alcalordelaspalabras.es\/images\/formacion-vicente-cortes-1.jpg?id=1095) !important;background-position: center !important;background-repeat: no-repeat !important;background-size: cover !important;}&#8221;][vc_column width=&#8221;1\/6&#8243;][\/vc_column][vc_column width=&#8221;2\/3&#8243;][vc_empty_space height=&#8221;70px&#8221;][vc_column_text] Formaci\u00f3 \u201cEl primer coneixement de la llengua escrita no ha [\u2026]\" \/>\n<meta property=\"og:url\" content=\"https:\/\/alcalordelaspalabras.es\/ca\/formacion\/\" \/>\n<meta property=\"og:site_name\" content=\"Vicente Cortes\" \/>\n<meta property=\"article:modified_time\" content=\"2024-05-16T19:07:26+00:00\" \/>\n<meta property=\"og:image\" content=\"https:\/\/alcalordelaspalabras.es\/images\/Greguenalleanzas.jpg\" \/>\n<meta name=\"twitter:card\" content=\"summary_large_image\" \/>\n<meta name=\"twitter:label1\" content=\"Est. reading time\" \/>\n\t<meta name=\"twitter:data1\" content=\"6 minutes\" \/>\n<script type=\"application\/ld+json\" class=\"yoast-schema-graph\">{\"@context\":\"https:\/\/schema.org\",\"@graph\":[{\"@type\":\"WebPage\",\"@id\":\"https:\/\/alcalordelaspalabras.es\/ca\/formacion\/\",\"url\":\"https:\/\/alcalordelaspalabras.es\/ca\/formacion\/\",\"name\":\"Formaci\u00f3n - Vicente Cortes\",\"isPartOf\":{\"@id\":\"https:\/\/alcalordelaspalabras.es\/#website\"},\"primaryImageOfPage\":{\"@id\":\"https:\/\/alcalordelaspalabras.es\/ca\/formacion\/#primaryimage\"},\"image\":{\"@id\":\"https:\/\/alcalordelaspalabras.es\/ca\/formacion\/#primaryimage\"},\"thumbnailUrl\":\"https:\/\/alcalordelaspalabras.es\/images\/Greguenalleanzas.jpg\",\"datePublished\":\"2016-01-25T09:36:22+00:00\",\"dateModified\":\"2024-05-16T19:07:26+00:00\",\"breadcrumb\":{\"@id\":\"https:\/\/alcalordelaspalabras.es\/ca\/formacion\/#breadcrumb\"},\"inLanguage\":\"va\",\"potentialAction\":[{\"@type\":\"ReadAction\",\"target\":[\"https:\/\/alcalordelaspalabras.es\/ca\/formacion\/\"]}]},{\"@type\":\"ImageObject\",\"inLanguage\":\"va\",\"@id\":\"https:\/\/alcalordelaspalabras.es\/ca\/formacion\/#primaryimage\",\"url\":\"https:\/\/alcalordelaspalabras.es\/images\/Greguenalleanzas.jpg\",\"contentUrl\":\"https:\/\/alcalordelaspalabras.es\/images\/Greguenalleanzas.jpg\"},{\"@type\":\"BreadcrumbList\",\"@id\":\"https:\/\/alcalordelaspalabras.es\/ca\/formacion\/#breadcrumb\",\"itemListElement\":[{\"@type\":\"ListItem\",\"position\":1,\"name\":\"Portada\",\"item\":\"https:\/\/alcalordelaspalabras.es\/ca\/\"},{\"@type\":\"ListItem\",\"position\":2,\"name\":\"Formaci\u00f3n\"}]},{\"@type\":\"WebSite\",\"@id\":\"https:\/\/alcalordelaspalabras.es\/#website\",\"url\":\"https:\/\/alcalordelaspalabras.es\/\",\"name\":\"Vicente Cortes\",\"description\":\"Vividor del Cuento\",\"potentialAction\":[{\"@type\":\"SearchAction\",\"target\":{\"@type\":\"EntryPoint\",\"urlTemplate\":\"https:\/\/alcalordelaspalabras.es\/?s={search_term_string}\"},\"query-input\":\"required name=search_term_string\"}],\"inLanguage\":\"va\"}]}<\/script>\n<!-- \/ Yoast SEO plugin. -->","yoast_head_json":{"title":"Formaci\u00f3n - Vicente Cortes","robots":{"index":"index","follow":"follow","max-snippet":"max-snippet:-1","max-image-preview":"max-image-preview:large","max-video-preview":"max-video-preview:-1"},"canonical":"https:\/\/alcalordelaspalabras.es\/ca\/formacion\/","og_locale":"en_US","og_type":"article","og_title":"Formaci\u00f3n - Vicente Cortes","og_description":"[vc_row full_width=&#8221;stretch_row&#8221; css=&#8221;.vc_custom_1630422416480{margin-top: -30px !important;background-image: url(https:\/\/alcalordelaspalabras.es\/images\/formacion-vicente-cortes-1.jpg?id=1095) !important;background-position: center !important;background-repeat: no-repeat !important;background-size: cover !important;}&#8221;][vc_column width=&#8221;1\/6&#8243;][\/vc_column][vc_column width=&#8221;2\/3&#8243;][vc_empty_space height=&#8221;70px&#8221;][vc_column_text] Formaci\u00f3 \u201cEl primer coneixement de la llengua escrita no ha [\u2026]","og_url":"https:\/\/alcalordelaspalabras.es\/ca\/formacion\/","og_site_name":"Vicente Cortes","article_modified_time":"2024-05-16T19:07:26+00:00","og_image":[{"url":"https:\/\/alcalordelaspalabras.es\/images\/Greguenalleanzas.jpg"}],"twitter_card":"summary_large_image","twitter_misc":{"Est. reading time":"6 minutes"},"schema":{"@context":"https:\/\/schema.org","@graph":[{"@type":"WebPage","@id":"https:\/\/alcalordelaspalabras.es\/ca\/formacion\/","url":"https:\/\/alcalordelaspalabras.es\/ca\/formacion\/","name":"Formaci\u00f3n - Vicente Cortes","isPartOf":{"@id":"https:\/\/alcalordelaspalabras.es\/#website"},"primaryImageOfPage":{"@id":"https:\/\/alcalordelaspalabras.es\/ca\/formacion\/#primaryimage"},"image":{"@id":"https:\/\/alcalordelaspalabras.es\/ca\/formacion\/#primaryimage"},"thumbnailUrl":"https:\/\/alcalordelaspalabras.es\/images\/Greguenalleanzas.jpg","datePublished":"2016-01-25T09:36:22+00:00","dateModified":"2024-05-16T19:07:26+00:00","breadcrumb":{"@id":"https:\/\/alcalordelaspalabras.es\/ca\/formacion\/#breadcrumb"},"inLanguage":"va","potentialAction":[{"@type":"ReadAction","target":["https:\/\/alcalordelaspalabras.es\/ca\/formacion\/"]}]},{"@type":"ImageObject","inLanguage":"va","@id":"https:\/\/alcalordelaspalabras.es\/ca\/formacion\/#primaryimage","url":"https:\/\/alcalordelaspalabras.es\/images\/Greguenalleanzas.jpg","contentUrl":"https:\/\/alcalordelaspalabras.es\/images\/Greguenalleanzas.jpg"},{"@type":"BreadcrumbList","@id":"https:\/\/alcalordelaspalabras.es\/ca\/formacion\/#breadcrumb","itemListElement":[{"@type":"ListItem","position":1,"name":"Portada","item":"https:\/\/alcalordelaspalabras.es\/ca\/"},{"@type":"ListItem","position":2,"name":"Formaci\u00f3n"}]},{"@type":"WebSite","@id":"https:\/\/alcalordelaspalabras.es\/#website","url":"https:\/\/alcalordelaspalabras.es\/","name":"Vicente Cortes","description":"Vividor del Cuento","potentialAction":[{"@type":"SearchAction","target":{"@type":"EntryPoint","urlTemplate":"https:\/\/alcalordelaspalabras.es\/?s={search_term_string}"},"query-input":"required name=search_term_string"}],"inLanguage":"va"}]}},"_links":{"self":[{"href":"https:\/\/alcalordelaspalabras.es\/ca\/wp-json\/wp\/v2\/pages\/1311"}],"collection":[{"href":"https:\/\/alcalordelaspalabras.es\/ca\/wp-json\/wp\/v2\/pages"}],"about":[{"href":"https:\/\/alcalordelaspalabras.es\/ca\/wp-json\/wp\/v2\/types\/page"}],"author":[{"embeddable":true,"href":"https:\/\/alcalordelaspalabras.es\/ca\/wp-json\/wp\/v2\/users\/1"}],"replies":[{"embeddable":true,"href":"https:\/\/alcalordelaspalabras.es\/ca\/wp-json\/wp\/v2\/comments?post=1311"}],"version-history":[{"count":24,"href":"https:\/\/alcalordelaspalabras.es\/ca\/wp-json\/wp\/v2\/pages\/1311\/revisions"}],"predecessor-version":[{"id":2158,"href":"https:\/\/alcalordelaspalabras.es\/ca\/wp-json\/wp\/v2\/pages\/1311\/revisions\/2158"}],"wp:attachment":[{"href":"https:\/\/alcalordelaspalabras.es\/ca\/wp-json\/wp\/v2\/media?parent=1311"}],"curies":[{"name":"wp","href":"https:\/\/api.w.org\/{rel}","templated":true}]}}