{"id":1312,"date":"2016-01-25T01:11:17","date_gmt":"2016-01-25T01:11:17","guid":{"rendered":"http:\/\/alcalordelaspalabras.es\/libros\/?lang=ca"},"modified":"2024-05-16T10:29:23","modified_gmt":"2024-05-16T10:29:23","slug":"libros","status":"publish","type":"page","link":"https:\/\/alcalordelaspalabras.es\/ca\/libros\/","title":{"rendered":"Libros"},"content":{"rendered":"<p>[vc_row full_width=&#8221;stretch_row_content&#8221; css=&#8221;.vc_custom_1530222958454{margin-top: -35px !important;background-image: url(https:\/\/alcalordelaspalabras.es\/images\/vicente-cortes-libros.jpg?id=908) !important;background-position: center !important;background-repeat: no-repeat !important;background-size: cover !important;}&#8221;][vc_column width=&#8221;1\/6&#8243;][\/vc_column][vc_column width=&#8221;2\/3&#8243;][vc_empty_space height=&#8221;70px&#8221;][vc_column_text]<\/p>\n<h1 style=\"text-align: center;\"><span style=\"color: #ffffff;\">Els meus llibres<\/span><\/h1>\n<h4 style=\"text-align: center;\"><span style=\"color: #ffffff;\">\u201cHi ha una m\u00e0gia especial quan comparteixes un llibre amb un xiquet.\u00c9s un regal que li dones, de temps, energia, afecte e imaginaci\u00f3 compartida\u201d.<span style=\"font-size: 12px;\"><em style=\"line-height: 1.5;\">(An\u00f2nim)<\/em><\/span><\/span><\/h4>\n<p>[\/vc_column_text][vc_empty_space height=&#8221;30px&#8221;][\/vc_column][vc_column width=&#8221;1\/6&#8243;][\/vc_column][\/vc_row][vc_row css=&#8221;.vc_custom_1455191700664{margin-top: 20px !important;}&#8221;][vc_column width=&#8221;1\/2&#8243;][vc_column_text]<img loading=\"lazy\" decoding=\"async\" class=\"wp-image-2147 size-full aligncenter\" src=\"https:\/\/alcalordelaspalabras.es\/images\/quisicoses-per-a-essers-curiosos.jpg\" alt=\"\" width=\"536\" height=\"792\" srcset=\"https:\/\/alcalordelaspalabras.es\/images\/quisicoses-per-a-essers-curiosos.jpg 536w, https:\/\/alcalordelaspalabras.es\/images\/quisicoses-per-a-essers-curiosos-203x300.jpg 203w, https:\/\/alcalordelaspalabras.es\/images\/quisicoses-per-a-essers-curiosos-99x146.jpg 99w, https:\/\/alcalordelaspalabras.es\/images\/quisicoses-per-a-essers-curiosos-34x50.jpg 34w, https:\/\/alcalordelaspalabras.es\/images\/quisicoses-per-a-essers-curiosos-51x75.jpg 51w\" sizes=\"(max-width: 536px) 100vw, 536px\" \/>[\/vc_column_text][\/vc_column][vc_column width=&#8221;1\/2&#8243;][vc_row_inner][vc_column_inner offset=&#8221;vc_hidden-sm vc_hidden-xs&#8221;][vc_empty_space height=&#8221;10px&#8221;][\/vc_column_inner][vc_column_inner width=&#8221;3\/4&#8243;][vc_column_text]<\/p>\n<h2>\u201cQUISICOSES\u201d<\/h2>\n<h3>PER A \u00c9SSERS CURIOSOS<\/h3>\n<p>[\/vc_column_text][vc_column_text]\u201cQUISICOSES\u201d PER A \u00c9SSERS CURIOSOS &#8211; obra molt influ\u00efda pel g\u00e8nere po\u00e8tic de la greguer\u00eda- \u00e9s un l\u00fadic i divertit passeig literari des de l&#8217;humor a la tendresa, del que \u00e9s estrany i surreal al m\u00e9s ingenu i emotiu, de l&#8217;agudesa enginyosa a la imatge sensorial i pl\u00e0stica. Tot aix\u00f2, per a que la persona curiosa gaudeixca del seu \u2013 el de ella- enginy, vivesa o inventiva.<\/p>\n<p>Aquest llibre est\u00e0 concebut per a poder entrar i eixir d&#8217;ell al vol, per a llegir-lo cames ajudeu-me, en r\u00e0pides i gojoses capbussades, en una lectura interrompuda amb espurnejants intervals, i que requerix d&#8217;una persona lectora de qualsevol edat, d&#8217;un \u00e9sser curi\u00f3s, actiu i obert a un m\u00f3n de sensacions que les \u201cquisicoses\u201d propicien. Un \u00e9sser investigador que far\u00e0 -\u00e9s clar- el que li done la gana, preferint possiblement picotejar, saltar d&#8217;ac\u00ed all\u00e0, obrir el llibre a l&#8217;atzar sorprenent-se amb un lleu somriure.<\/p>\n<p>Que ho gaudiu![\/vc_column_text][vc_btn title=&#8221;SOL\u00b7LICITA EL LLIBRE&#8221; style=&#8221;outline-custom&#8221; outline_custom_color=&#8221;#b70000&#8243; outline_custom_hover_background=&#8221;#b70000&#8243; outline_custom_hover_text=&#8221;#000000&#8243; shape=&#8221;round&#8221; size=&#8221;sm&#8221; link=&#8221;url:https%3A%2F%2Falcalordelaspalabras.es%2Fca%2Fcontacto%2F|&#8221;][\/vc_column_inner][vc_column_inner width=&#8221;1\/4&#8243;][\/vc_column_inner][\/vc_row_inner][\/vc_column][\/vc_row][vc_row full_width=&#8221;stretch_row_content&#8221; css=&#8221;.vc_custom_1495385074759{background-color: #ffffff !important;}&#8221;][vc_column][vc_empty_space height=&#8221;10px&#8221;][vc_column_text]<\/p>\n<h2 style=\"text-align: center;\">Presentacio del llibre El T\u00edo Parag\u00fcero V<\/h2>\n<p>[\/vc_column_text][vc_gallery type=&#8221;image_grid&#8221; images=&#8221;1563,1561,1560,1559&#8243; img_size=&#8221;281&#215;200&#8243;][\/vc_column][vc_column width=&#8221;1\/6&#8243;][\/vc_column][vc_column width=&#8221;2\/3&#8243;][vc_column_text]<\/p>\n<h4 style=\"text-align: center;\">\u201cMolt abans de que la humanitat aprenguera a llegir i escriure,<br \/>\ntot el m\u00f3n escoltava i contava contes\u201d.<span style=\"font-size: 12px;\"><em style=\"line-height: 1.5;\"><br \/>\n(G\u00fcnter Grass)<\/em><\/span><\/h4>\n<p>[\/vc_column_text][vc_empty_space height=&#8221;10px&#8221;][\/vc_column][vc_column width=&#8221;1\/6&#8243;][\/vc_column][\/vc_row][vc_row full_width=&#8221;stretch_row&#8221; css=&#8221;.vc_custom_1461454627129{margin-top: 20px !important;}&#8221;][vc_column width=&#8221;1\/6&#8243;][\/vc_column][vc_column width=&#8221;2\/3&#8243;][vc_row_inner][vc_column_inner width=&#8221;1\/3&#8243;][vc_column_text]<\/p>\n<p style=\"text-align: center;\"><img loading=\"lazy\" decoding=\"async\" class=\"alignnone wp-image-1809 size-medium\" src=\"https:\/\/alcalordelaspalabras.es\/images\/el-tio-paraguero-V-203x300.jpg\" alt=\"\" width=\"203\" height=\"300\" srcset=\"https:\/\/alcalordelaspalabras.es\/images\/el-tio-paraguero-V-203x300.jpg 203w, https:\/\/alcalordelaspalabras.es\/images\/el-tio-paraguero-V-99x146.jpg 99w, https:\/\/alcalordelaspalabras.es\/images\/el-tio-paraguero-V-34x50.jpg 34w, https:\/\/alcalordelaspalabras.es\/images\/el-tio-paraguero-V-51x75.jpg 51w, https:\/\/alcalordelaspalabras.es\/images\/el-tio-paraguero-V.jpg 536w\" sizes=\"(max-width: 203px) 100vw, 203px\" \/><\/p>\n<h4 style=\"text-align: center;\">El T\u00edo Parag\u00fcero<\/h4>\n<p style=\"text-align: center;\">Tradici\u00f3n Oral de La Serran\u00eda V<\/p>\n<p>[\/vc_column_text][vc_btn title=&#8221;SOL\u00b7LICITA EL LLIBRE&#8221; style=&#8221;outline-custom&#8221; outline_custom_color=&#8221;#b70000&#8243; outline_custom_hover_background=&#8221;#b70000&#8243; outline_custom_hover_text=&#8221;#000000&#8243; shape=&#8221;round&#8221; size=&#8221;xs&#8221; align=&#8221;center&#8221; link=&#8221;url:https%3A%2F%2Falcalordelaspalabras.es%2Fca%2Fcontacto%2F|&#8221;][\/vc_column_inner][vc_column_inner width=&#8221;1\/3&#8243;][vc_column_text]<img loading=\"lazy\" decoding=\"async\" class=\"aligncenter wp-image-328\" src=\"\/images\/el-tio-paraguero-tradicion-oral-de-la-serrania.jpg\" alt=\"el-tio-paraguero-tradicion-oral-de-la-serrania\" width=\"205\" height=\"303\" srcset=\"https:\/\/alcalordelaspalabras.es\/images\/el-tio-paraguero-tradicion-oral-de-la-serrania.jpg 536w, https:\/\/alcalordelaspalabras.es\/images\/el-tio-paraguero-tradicion-oral-de-la-serrania-203x300.jpg 203w, https:\/\/alcalordelaspalabras.es\/images\/el-tio-paraguero-tradicion-oral-de-la-serrania-99x146.jpg 99w, https:\/\/alcalordelaspalabras.es\/images\/el-tio-paraguero-tradicion-oral-de-la-serrania-34x50.jpg 34w, https:\/\/alcalordelaspalabras.es\/images\/el-tio-paraguero-tradicion-oral-de-la-serrania-51x75.jpg 51w\" sizes=\"(max-width: 205px) 100vw, 205px\" \/><\/p>\n<h4 style=\"text-align: center;\">El T\u00edo Parag\u00fcero<\/h4>\n<p style=\"text-align: center;\">Tradici\u00f3n Oral de La Serran\u00eda<\/p>\n<p>[\/vc_column_text][vc_btn title=&#8221;SOL\u00b7LICITA EL LLIBRE&#8221; style=&#8221;outline-custom&#8221; outline_custom_color=&#8221;#b70000&#8243; outline_custom_hover_background=&#8221;#b70000&#8243; outline_custom_hover_text=&#8221;#000000&#8243; shape=&#8221;round&#8221; size=&#8221;xs&#8221; align=&#8221;center&#8221; link=&#8221;url:https%3A%2F%2Falcalordelaspalabras.es%2Fca%2Fcontacto%2F|&#8221;][\/vc_column_inner][vc_column_inner width=&#8221;1\/3&#8243;][vc_column_text]<\/p>\n<p style=\"text-align: center;\"><img loading=\"lazy\" decoding=\"async\" class=\"alignnone wp-image-1146\" src=\"\/images\/tio-paraguero-4.jpg\" alt=\"tio-paraguero-4\" width=\"221\" height=\"303\" srcset=\"https:\/\/alcalordelaspalabras.es\/images\/tio-paraguero-4.jpg 175w, https:\/\/alcalordelaspalabras.es\/images\/tio-paraguero-4-106x146.jpg 106w, https:\/\/alcalordelaspalabras.es\/images\/tio-paraguero-4-36x50.jpg 36w, https:\/\/alcalordelaspalabras.es\/images\/tio-paraguero-4-55x75.jpg 55w\" sizes=\"(max-width: 221px) 100vw, 221px\" \/><\/p>\n<h4 style=\"text-align: center;\">El T\u00edo Parag\u00fcero<\/h4>\n<p style=\"text-align: center;\">Tradici\u00f3n Oral de La Serran\u00eda IV<\/p>\n<p>[\/vc_column_text][vc_btn title=&#8221;SOL\u00b7LICITA EL LLIBRE&#8221; style=&#8221;outline-custom&#8221; outline_custom_color=&#8221;#b70000&#8243; outline_custom_hover_background=&#8221;#b70000&#8243; outline_custom_hover_text=&#8221;#000000&#8243; shape=&#8221;round&#8221; size=&#8221;xs&#8221; align=&#8221;center&#8221; link=&#8221;url:https%3A%2F%2Falcalordelaspalabras.es%2Fca%2Fcontacto%2F|&#8221;][\/vc_column_inner][\/vc_row_inner][\/vc_column][vc_column width=&#8221;1\/6&#8243;][\/vc_column][\/vc_row][vc_row full_width=&#8221;stretch_row&#8221; css=&#8221;.vc_custom_1461454627129{margin-top: 20px !important;}&#8221;][vc_column width=&#8221;1\/6&#8243;][\/vc_column][vc_column width=&#8221;2\/3&#8243;][vc_row_inner][vc_column_inner width=&#8221;1\/3&#8243;][vc_column_text]<\/p>\n<p style=\"text-align: center;\"><img loading=\"lazy\" decoding=\"async\" class=\"alignnone wp-image-1143\" src=\"\/images\/el-tio-paraguero-tradicion-oral-de-la-serrania-III-1.jpg\" alt=\"el-tio-paraguero-tradicion-oral-de-la-serrania-III\" width=\"205\" height=\"303\" srcset=\"https:\/\/alcalordelaspalabras.es\/images\/el-tio-paraguero-tradicion-oral-de-la-serrania-III-1.jpg 536w, https:\/\/alcalordelaspalabras.es\/images\/el-tio-paraguero-tradicion-oral-de-la-serrania-III-1-203x300.jpg 203w, https:\/\/alcalordelaspalabras.es\/images\/el-tio-paraguero-tradicion-oral-de-la-serrania-III-1-99x146.jpg 99w, https:\/\/alcalordelaspalabras.es\/images\/el-tio-paraguero-tradicion-oral-de-la-serrania-III-1-34x50.jpg 34w, https:\/\/alcalordelaspalabras.es\/images\/el-tio-paraguero-tradicion-oral-de-la-serrania-III-1-51x75.jpg 51w\" sizes=\"(max-width: 205px) 100vw, 205px\" \/><\/p>\n<h4 style=\"text-align: center;\">El T\u00edo Parag\u00fcero<\/h4>\n<p style=\"text-align: center;\">Tradici\u00f3n Oral de La Serran\u00eda III<\/p>\n<p>[\/vc_column_text][vc_btn title=&#8221;SOL\u00b7LICITA EL LLIBRE&#8221; style=&#8221;outline-custom&#8221; outline_custom_color=&#8221;#b70000&#8243; outline_custom_hover_background=&#8221;#b70000&#8243; outline_custom_hover_text=&#8221;#000000&#8243; shape=&#8221;round&#8221; size=&#8221;xs&#8221; align=&#8221;center&#8221; link=&#8221;url:https%3A%2F%2Falcalordelaspalabras.es%2Fca%2Fcontacto%2F|&#8221;][\/vc_column_inner][vc_column_inner width=&#8221;1\/3&#8243;][vc_column_text]<\/p>\n<p style=\"text-align: center;\"><img loading=\"lazy\" decoding=\"async\" class=\"alignnone wp-image-1145\" src=\"\/images\/tio-paraguero-2.jpg\" alt=\"tio-paraguero-2\" width=\"222\" height=\"303\" srcset=\"https:\/\/alcalordelaspalabras.es\/images\/tio-paraguero-2.jpg 175w, https:\/\/alcalordelaspalabras.es\/images\/tio-paraguero-2-107x146.jpg 107w, https:\/\/alcalordelaspalabras.es\/images\/tio-paraguero-2-37x50.jpg 37w, https:\/\/alcalordelaspalabras.es\/images\/tio-paraguero-2-55x75.jpg 55w\" sizes=\"(max-width: 222px) 100vw, 222px\" \/><\/p>\n<h4 style=\"text-align: center;\">El T\u00edo Parag\u00fcero<\/h4>\n<p style=\"text-align: center;\">Tradici\u00f3n Oral de La Serran\u00eda II<\/p>\n<p>[\/vc_column_text][vc_btn title=&#8221;ESGOTAT&#8221; style=&#8221;outline-custom&#8221; outline_custom_color=&#8221;#b70000&#8243; outline_custom_hover_background=&#8221;#b70000&#8243; outline_custom_hover_text=&#8221;#000000&#8243; shape=&#8221;round&#8221; size=&#8221;xs&#8221; align=&#8221;center&#8221; link=&#8221;url:https%3A%2F%2Falcalordelaspalabras.es%2Fca%2Fcontacto%2F|&#8221;][\/vc_column_inner][vc_column_inner width=&#8221;1\/3&#8243;][vc_column_text]<\/p>\n<p style=\"text-align: center;\"><img loading=\"lazy\" decoding=\"async\" class=\"alignnone wp-image-1144\" src=\"\/images\/tio-paraguero-1.jpg\" alt=\"tio-paraguero-1\" width=\"219\" height=\"303\" srcset=\"https:\/\/alcalordelaspalabras.es\/images\/tio-paraguero-1.jpg 175w, https:\/\/alcalordelaspalabras.es\/images\/tio-paraguero-1-106x146.jpg 106w, https:\/\/alcalordelaspalabras.es\/images\/tio-paraguero-1-36x50.jpg 36w, https:\/\/alcalordelaspalabras.es\/images\/tio-paraguero-1-54x75.jpg 54w\" sizes=\"(max-width: 219px) 100vw, 219px\" \/><\/p>\n<h4 style=\"text-align: center;\">El T\u00edo Parag\u00fcero<\/h4>\n<p style=\"text-align: center;\">Tradici\u00f3n Oral de La Serran\u00eda I<\/p>\n<p>[\/vc_column_text][vc_btn title=&#8221;ESGOTAT&#8221; style=&#8221;outline-custom&#8221; outline_custom_color=&#8221;#b70000&#8243; outline_custom_hover_background=&#8221;#b70000&#8243; outline_custom_hover_text=&#8221;#000000&#8243; shape=&#8221;round&#8221; size=&#8221;xs&#8221; align=&#8221;center&#8221; link=&#8221;url:https%3A%2F%2Falcalordelaspalabras.es%2Fca%2Fcontacto%2F|&#8221;][\/vc_column_inner][\/vc_row_inner][\/vc_column][vc_column width=&#8221;1\/6&#8243;][\/vc_column][\/vc_row][vc_row full_width=&#8221;stretch_row&#8221; css=&#8221;.vc_custom_1461454746540{background-color: #ffffff !important;}&#8221;][vc_column width=&#8221;1\/2&#8243;][vc_gallery interval=&#8221;3&#8243; images=&#8221;1077,1154,1153,1152&#8243; img_size=&#8221;full&#8221;][\/vc_column][vc_column width=&#8221;1\/2&#8243;][vc_empty_space height=&#8221;30px&#8221;][vc_column_text]<\/p>\n<h2>Exposici\u00f3: \u201cMarcant p\u00e0gina\u201d<\/h2>\n<p>Mostra de punts de lectura o marca p\u00e0gines, col.leccionats desde \u00a01983.<br \/>\nMarca\u00b4t una parada i fonda visitant aquesta exposici\u00f3 per a no perdre\u00b4s.<br \/>\nPer a no perdre\u00b4s, estan els senyals de lectura.<br \/>\nPunt i senyal.<\/p>\n<p>Destinataris: Totes les edats.[\/vc_column_text][\/vc_column][\/vc_row][vc_row full_width=&#8221;stretch_row&#8221;][vc_column width=&#8221;1\/6&#8243;][\/vc_column][vc_column width=&#8221;2\/3&#8243;][vc_custom_heading text=&#8221;Projectes llibres&#8221; font_container=&#8221;tag:h2|font_size:40|text_align:center|color:%23b70000&#8243; google_fonts=&#8221;font_family:Lobster%3Aregular|font_style:400%20regular%3A400%3Anormal&#8221;][vc_column_text css=&#8221;.vc_custom_1715855357698{padding-top: 2vh !important;}&#8221;]<\/p>\n<h4 style=\"text-align: center;\">\u201cConte per a menuts\u201d<\/h4>\n<p style=\"text-align: center;\">Guia r\u00e0pida i senzilla per aprendre a contar contes i com inventar nous dirigida a familiars, docents, bibliotecaris i totes aquelles persones que desitgen compartir contes amb els menuts.<br \/>\nData prevista de publicaci\u00f3: Abril 2025<\/p>\n<p>[\/vc_column_text][\/vc_column][vc_column width=&#8221;1\/6&#8243;][\/vc_column][\/vc_row]<\/p>\n","protected":false},"excerpt":{"rendered":"<p>[vc_row full_width=&#8221;stretch_row_content&#8221; css=&#8221;.vc_custom_1530222958454{margin-top: -35px !important;background-image: url(https:\/\/alcalordelaspalabras.es\/images\/vicente-cortes-libros.jpg?id=908) !important;background-position: center !important;background-repeat: no-repeat !important;background-size: cover !important;}&#8221;][vc_column width=&#8221;1\/6&#8243;][\/vc_column][vc_column width=&#8221;2\/3&#8243;][vc_empty_space height=&#8221;70px&#8221;][vc_column_text] Els meus llibres \u201cHi ha una m\u00e0gia especial quan comparteixes<span class=\"excerpt-hellip\"> [\u2026]<\/span><\/p>\n","protected":false},"author":1,"featured_media":0,"parent":0,"menu_order":0,"comment_status":"closed","ping_status":"closed","template":"","meta":{"footnotes":""},"yoast_head":"<!-- This site is optimized with the Yoast SEO plugin v22.7 - https:\/\/yoast.com\/wordpress\/plugins\/seo\/ -->\n<title>Libros - Vicente Cortes<\/title>\n<meta name=\"robots\" content=\"index, follow, max-snippet:-1, max-image-preview:large, max-video-preview:-1\" \/>\n<link rel=\"canonical\" href=\"https:\/\/alcalordelaspalabras.es\/ca\/libros\/\" \/>\n<meta property=\"og:locale\" content=\"en_US\" \/>\n<meta property=\"og:type\" content=\"article\" \/>\n<meta property=\"og:title\" content=\"Libros - Vicente Cortes\" \/>\n<meta property=\"og:description\" content=\"[vc_row full_width=&#8221;stretch_row_content&#8221; css=&#8221;.vc_custom_1530222958454{margin-top: -35px !important;background-image: url(https:\/\/alcalordelaspalabras.es\/images\/vicente-cortes-libros.jpg?id=908) !important;background-position: center !important;background-repeat: no-repeat !important;background-size: cover !important;}&#8221;][vc_column width=&#8221;1\/6&#8243;][\/vc_column][vc_column width=&#8221;2\/3&#8243;][vc_empty_space height=&#8221;70px&#8221;][vc_column_text] Els meus llibres \u201cHi ha una m\u00e0gia especial quan comparteixes [\u2026]\" \/>\n<meta property=\"og:url\" content=\"https:\/\/alcalordelaspalabras.es\/ca\/libros\/\" \/>\n<meta property=\"og:site_name\" content=\"Vicente Cortes\" \/>\n<meta property=\"article:modified_time\" content=\"2024-05-16T10:29:23+00:00\" \/>\n<meta property=\"og:image\" content=\"https:\/\/alcalordelaspalabras.es\/images\/quisicoses-per-a-essers-curiosos.jpg\" \/>\n<meta name=\"twitter:card\" content=\"summary_large_image\" \/>\n<meta name=\"twitter:label1\" content=\"Est. reading time\" \/>\n\t<meta name=\"twitter:data1\" content=\"4 minutes\" \/>\n<script type=\"application\/ld+json\" class=\"yoast-schema-graph\">{\"@context\":\"https:\/\/schema.org\",\"@graph\":[{\"@type\":\"WebPage\",\"@id\":\"https:\/\/alcalordelaspalabras.es\/ca\/libros\/\",\"url\":\"https:\/\/alcalordelaspalabras.es\/ca\/libros\/\",\"name\":\"Libros - Vicente Cortes\",\"isPartOf\":{\"@id\":\"https:\/\/alcalordelaspalabras.es\/#website\"},\"primaryImageOfPage\":{\"@id\":\"https:\/\/alcalordelaspalabras.es\/ca\/libros\/#primaryimage\"},\"image\":{\"@id\":\"https:\/\/alcalordelaspalabras.es\/ca\/libros\/#primaryimage\"},\"thumbnailUrl\":\"https:\/\/alcalordelaspalabras.es\/images\/quisicoses-per-a-essers-curiosos.jpg\",\"datePublished\":\"2016-01-25T01:11:17+00:00\",\"dateModified\":\"2024-05-16T10:29:23+00:00\",\"breadcrumb\":{\"@id\":\"https:\/\/alcalordelaspalabras.es\/ca\/libros\/#breadcrumb\"},\"inLanguage\":\"va\",\"potentialAction\":[{\"@type\":\"ReadAction\",\"target\":[\"https:\/\/alcalordelaspalabras.es\/ca\/libros\/\"]}]},{\"@type\":\"ImageObject\",\"inLanguage\":\"va\",\"@id\":\"https:\/\/alcalordelaspalabras.es\/ca\/libros\/#primaryimage\",\"url\":\"https:\/\/alcalordelaspalabras.es\/images\/quisicoses-per-a-essers-curiosos.jpg\",\"contentUrl\":\"https:\/\/alcalordelaspalabras.es\/images\/quisicoses-per-a-essers-curiosos.jpg\"},{\"@type\":\"BreadcrumbList\",\"@id\":\"https:\/\/alcalordelaspalabras.es\/ca\/libros\/#breadcrumb\",\"itemListElement\":[{\"@type\":\"ListItem\",\"position\":1,\"name\":\"Portada\",\"item\":\"https:\/\/alcalordelaspalabras.es\/ca\/\"},{\"@type\":\"ListItem\",\"position\":2,\"name\":\"Libros\"}]},{\"@type\":\"WebSite\",\"@id\":\"https:\/\/alcalordelaspalabras.es\/#website\",\"url\":\"https:\/\/alcalordelaspalabras.es\/\",\"name\":\"Vicente Cortes\",\"description\":\"Vividor del Cuento\",\"potentialAction\":[{\"@type\":\"SearchAction\",\"target\":{\"@type\":\"EntryPoint\",\"urlTemplate\":\"https:\/\/alcalordelaspalabras.es\/?s={search_term_string}\"},\"query-input\":\"required name=search_term_string\"}],\"inLanguage\":\"va\"}]}<\/script>\n<!-- \/ Yoast SEO plugin. -->","yoast_head_json":{"title":"Libros - Vicente Cortes","robots":{"index":"index","follow":"follow","max-snippet":"max-snippet:-1","max-image-preview":"max-image-preview:large","max-video-preview":"max-video-preview:-1"},"canonical":"https:\/\/alcalordelaspalabras.es\/ca\/libros\/","og_locale":"en_US","og_type":"article","og_title":"Libros - Vicente Cortes","og_description":"[vc_row full_width=&#8221;stretch_row_content&#8221; css=&#8221;.vc_custom_1530222958454{margin-top: -35px !important;background-image: url(https:\/\/alcalordelaspalabras.es\/images\/vicente-cortes-libros.jpg?id=908) !important;background-position: center !important;background-repeat: no-repeat !important;background-size: cover !important;}&#8221;][vc_column width=&#8221;1\/6&#8243;][\/vc_column][vc_column width=&#8221;2\/3&#8243;][vc_empty_space height=&#8221;70px&#8221;][vc_column_text] Els meus llibres \u201cHi ha una m\u00e0gia especial quan comparteixes [\u2026]","og_url":"https:\/\/alcalordelaspalabras.es\/ca\/libros\/","og_site_name":"Vicente Cortes","article_modified_time":"2024-05-16T10:29:23+00:00","og_image":[{"url":"https:\/\/alcalordelaspalabras.es\/images\/quisicoses-per-a-essers-curiosos.jpg"}],"twitter_card":"summary_large_image","twitter_misc":{"Est. reading time":"4 minutes"},"schema":{"@context":"https:\/\/schema.org","@graph":[{"@type":"WebPage","@id":"https:\/\/alcalordelaspalabras.es\/ca\/libros\/","url":"https:\/\/alcalordelaspalabras.es\/ca\/libros\/","name":"Libros - Vicente Cortes","isPartOf":{"@id":"https:\/\/alcalordelaspalabras.es\/#website"},"primaryImageOfPage":{"@id":"https:\/\/alcalordelaspalabras.es\/ca\/libros\/#primaryimage"},"image":{"@id":"https:\/\/alcalordelaspalabras.es\/ca\/libros\/#primaryimage"},"thumbnailUrl":"https:\/\/alcalordelaspalabras.es\/images\/quisicoses-per-a-essers-curiosos.jpg","datePublished":"2016-01-25T01:11:17+00:00","dateModified":"2024-05-16T10:29:23+00:00","breadcrumb":{"@id":"https:\/\/alcalordelaspalabras.es\/ca\/libros\/#breadcrumb"},"inLanguage":"va","potentialAction":[{"@type":"ReadAction","target":["https:\/\/alcalordelaspalabras.es\/ca\/libros\/"]}]},{"@type":"ImageObject","inLanguage":"va","@id":"https:\/\/alcalordelaspalabras.es\/ca\/libros\/#primaryimage","url":"https:\/\/alcalordelaspalabras.es\/images\/quisicoses-per-a-essers-curiosos.jpg","contentUrl":"https:\/\/alcalordelaspalabras.es\/images\/quisicoses-per-a-essers-curiosos.jpg"},{"@type":"BreadcrumbList","@id":"https:\/\/alcalordelaspalabras.es\/ca\/libros\/#breadcrumb","itemListElement":[{"@type":"ListItem","position":1,"name":"Portada","item":"https:\/\/alcalordelaspalabras.es\/ca\/"},{"@type":"ListItem","position":2,"name":"Libros"}]},{"@type":"WebSite","@id":"https:\/\/alcalordelaspalabras.es\/#website","url":"https:\/\/alcalordelaspalabras.es\/","name":"Vicente Cortes","description":"Vividor del Cuento","potentialAction":[{"@type":"SearchAction","target":{"@type":"EntryPoint","urlTemplate":"https:\/\/alcalordelaspalabras.es\/?s={search_term_string}"},"query-input":"required name=search_term_string"}],"inLanguage":"va"}]}},"_links":{"self":[{"href":"https:\/\/alcalordelaspalabras.es\/ca\/wp-json\/wp\/v2\/pages\/1312"}],"collection":[{"href":"https:\/\/alcalordelaspalabras.es\/ca\/wp-json\/wp\/v2\/pages"}],"about":[{"href":"https:\/\/alcalordelaspalabras.es\/ca\/wp-json\/wp\/v2\/types\/page"}],"author":[{"embeddable":true,"href":"https:\/\/alcalordelaspalabras.es\/ca\/wp-json\/wp\/v2\/users\/1"}],"replies":[{"embeddable":true,"href":"https:\/\/alcalordelaspalabras.es\/ca\/wp-json\/wp\/v2\/comments?post=1312"}],"version-history":[{"count":46,"href":"https:\/\/alcalordelaspalabras.es\/ca\/wp-json\/wp\/v2\/pages\/1312\/revisions"}],"predecessor-version":[{"id":2151,"href":"https:\/\/alcalordelaspalabras.es\/ca\/wp-json\/wp\/v2\/pages\/1312\/revisions\/2151"}],"wp:attachment":[{"href":"https:\/\/alcalordelaspalabras.es\/ca\/wp-json\/wp\/v2\/media?parent=1312"}],"curies":[{"name":"wp","href":"https:\/\/api.w.org\/{rel}","templated":true}]}}